{"id":1183,"date":"2018-08-29T14:42:02","date_gmt":"2018-08-29T17:42:02","guid":{"rendered":"https:\/\/ens8-caba.infd.edu.ar\/sitio\/asociacion-cooperadora\/"},"modified":"2024-09-13T15:44:17","modified_gmt":"2024-09-13T18:44:17","slug":"asociacion-cooperadora","status":"publish","type":"page","link":"https:\/\/ens8-caba.infd.edu.ar\/sitio\/asociacion-cooperadora\/","title":{"rendered":"Asociaci\u00f3n Cooperadora"},"content":{"rendered":"<p>En la Asamblea Anual del d\u00eda 27 de junio pasado se eligieron los nuevos miembros de la Comisi\u00f3n Directiva -CD-. Y la semana pasada lleg\u00f3 el expediente de aprobaci\u00f3n de la CD por parte de las autoridades.<\/p>\n<p><strong>Estos son los miembros de la CD actual:<\/strong><\/p>\n<p>&#8211; Presidente: Laura Couto<\/p>\n<p>&#8211; Vicepresidente: Luca Enrico<\/p>\n<p>&#8211; Secretaria: Ver\u00f3nica Paladino<\/p>\n<p>&#8211; Tesorera: Laura Cutufia<\/p>\n<p>&#8211; Protesorera: Julieta Potenze<\/p>\n<p>&#8211; Secretaria de Actas: Ayel\u00e9n Giulidori<\/p>\n<p>&#8211; Vocales: Gabriela Incola, Fernando Pardal, Fausto V\u00e1zquez, Carlos Montti.<\/p>\n<p>&#8211; Vocales Suplentes: Diego More, Anal\u00eda Arias<\/p>\n<p>Revisores de cuenta: Josefina Corallo, Lisandro Torren<\/p>\n<p>Revisora suplente: Cecilia Sanabria<\/p>\n<p><strong>Nos alegra mucho esta renovaci\u00f3n, agradecemos el compromiso de todos los que forman parte.\u00a0Es nuestro deseo que la Cooperadora\u00a0tome el impulso que nuestra\u00a0querida\u00a0Escuela se merece, las\/os invitamos a todas\/os a participar, de la manera que puedan, aquello que parece poco,\u00a0 cuando se suma a otros aportes se transforma y se hace enorme&#8230;<\/strong><\/p>\n<p>Est\u00e1n abiertos todos los canales de comunicaci\u00f3n\u00a0con la Cooperadora. Las\/os esperan.\u00a0<strong>Las reuniones mensuales se realizar\u00e1n las primeras semanas de cada mes<\/strong>. Est\u00e9n atentos as\u00ed pueden sumarse.<\/p>\n","protected":false},"excerpt":{"rendered":"<p>En la Asamblea Anual del d\u00eda 27 de junio pasado se eligieron los nuevos miembros de la Comisi\u00f3n Directiva -CD-. Y la semana pasada lleg\u00f3 el expediente de aprobaci\u00f3n de la CD por parte de las autoridades. Estos son los miembros de la CD actual: &#8211; Presidente: Laura Couto &#8211; Vicepresidente: Luca Enrico &#8211; Secretaria: &#8230; <a title=\"Asociaci\u00f3n Cooperadora\" class=\"read-more\" href=\"https:\/\/ens8-caba.infd.edu.ar\/sitio\/asociacion-cooperadora\/\" aria-label=\"More on Asociaci\u00f3n Cooperadora\">[+]<\/a><\/p>\n","protected":false},"author":1393,"featured_media":0,"parent":0,"menu_order":0,"comment_status":"closed","ping_status":"closed","template":"","meta":[],"acf":[],"_links":{"self":[{"href":"https:\/\/ens8-caba.infd.edu.ar\/sitio\/wp-json\/wp\/v2\/pages\/1183"}],"collection":[{"href":"https:\/\/ens8-caba.infd.edu.ar\/sitio\/wp-json\/wp\/v2\/pages"}],"about":[{"href":"https:\/\/ens8-caba.infd.edu.ar\/sitio\/wp-json\/wp\/v2\/types\/page"}],"author":[{"embeddable":true,"href":"https:\/\/ens8-caba.infd.edu.ar\/sitio\/wp-json\/wp\/v2\/users\/1393"}],"replies":[{"embeddable":true,"href":"https:\/\/ens8-caba.infd.edu.ar\/sitio\/wp-json\/wp\/v2\/comments?post=1183"}],"version-history":[{"count":1,"href":"https:\/\/ens8-caba.infd.edu.ar\/sitio\/wp-json\/wp\/v2\/pages\/1183\/revisions"}],"predecessor-version":[{"id":2734,"href":"https:\/\/ens8-caba.infd.edu.ar\/sitio\/wp-json\/wp\/v2\/pages\/1183\/revisions\/2734"}],"wp:attachment":[{"href":"https:\/\/ens8-caba.infd.edu.ar\/sitio\/wp-json\/wp\/v2\/media?parent=1183"}],"curies":[{"name":"wp","href":"https:\/\/api.w.org\/{rel}","templated":true}]}}