{"id":1186,"date":"2018-08-29T14:42:03","date_gmt":"2018-08-29T17:42:03","guid":{"rendered":"https:\/\/ens8-caba.infd.edu.ar\/sitio\/ecos-del-centenario\/"},"modified":"2023-10-30T19:12:57","modified_gmt":"2023-10-30T22:12:57","slug":"ecos-del-centenario","status":"publish","type":"page","link":"https:\/\/ens8-caba.infd.edu.ar\/sitio\/ecos-del-centenario\/","title":{"rendered":"Ecos del Centenario"},"content":{"rendered":"<p><img decoding=\"async\" class=\"aligncenter\" title=\"Foto hist\u00f3rica\" src=\"https:\/\/ens8-caba.infd.edu.ar\/sitio\/wp-content\/uploads\/2018\/08\/Primeras-egresadas.jpg\" alt=\"Foto hist\u00f3rica\" border=\"0\" \/><\/p>\n<p style=\"text-align: justify;\">El 2 de mayo de 2010, la escuela cumpli\u00f3 100 a\u00f1os de existencia.<\/p>\n<p style=\"text-align: justify;\">Durante todo el a\u00f1o, no s\u00f3lo se conmemor\u00f3 el Bicentenario de la Revoluci\u00f3n de Mayo, sino un siglo de compromiso con la educaci\u00f3n p\u00fablica.<\/p>\n<p style=\"text-align: justify;\">Se realizaron dos actos, el de apertura llamado del reencuentro y el oficial, con el que se cerraron los festejos.<\/p>\n<p style=\"text-align: justify;\">Como principales signos y s\u00edmbolos de ambos actos se resalta la convocatoria a exalumnos y exdocentes, que result\u00f3 multitudinaria en el acto del 2 de mayo.<\/p>\n<p style=\"text-align: justify;\">El principal gesto de ese acto, fue cuando el alumno m\u00e1s joven, de apenas 2 a\u00f1os y una exalumna ya anciana, abrieron las puertas del edificio para dar inicio a los festejos.<\/p>\n<p style=\"text-align: justify;\">En ambos actos, la campana de bronce son\u00f3 10 veces, una por cada d\u00e9cada y en memoria de todos aquellos que transitaron las aulas ense\u00f1ando, aprendiendo, manteniendo y cooperando \u00a0y que estaban presentes desde la eternidad.<\/p>\n<p style=\"text-align: justify;\">Las banderas fueron izadas por personal docente y no docente de todos los niveles al son de Aurora. Exalumnas volvieron a entonar la canci\u00f3n que identific\u00f3 la escuela en sus bodas de plata. Pero, aquel 2 de mayo, la voz de una exalumna de 100 a\u00f1os, que recitaba una poes\u00eda que recordaba desde su egreso, conmocion\u00f3 a todos los presentes.<\/p>\n<p style=\"text-align: justify;\">Dif\u00edcil sintetizar, todo lo vivido durante el 2010, desde la restauraci\u00f3n del Guernica, la recepci\u00f3n de una donaci\u00f3n de fotos hist\u00f3ricas, la pel\u00edcula Memorias en Gris, hasta la canci\u00f3n de los ni\u00f1os del nivel inicial\u00a0dedicada a la escuela o el \u00e1rbol plantado por la asociaci\u00f3n de exalumnas entre muchos sucesos m\u00e1s.<\/p>\n<p style=\"text-align: justify;\">Tambi\u00e9n se destac\u00f3 el a\u00f1o 2013 por ser el \u00abA\u00f1o del Centenario de la Primera Promoci\u00f3n\u00bb cuya foto de egreso ilustra este comentario.<\/p>\n","protected":false},"excerpt":{"rendered":"<p>El 2 de mayo de 2010, la escuela cumpli\u00f3 100 a\u00f1os de existencia. Durante todo el a\u00f1o, no s\u00f3lo se conmemor\u00f3 el Bicentenario de la Revoluci\u00f3n de Mayo, sino un siglo de compromiso con la educaci\u00f3n p\u00fablica. Se realizaron dos actos, el de apertura llamado del reencuentro y el oficial, con el que se cerraron &#8230; <a title=\"Ecos del Centenario\" class=\"read-more\" href=\"https:\/\/ens8-caba.infd.edu.ar\/sitio\/ecos-del-centenario\/\" aria-label=\"More on Ecos del Centenario\">[+]<\/a><\/p>\n","protected":false},"author":1393,"featured_media":0,"parent":0,"menu_order":0,"comment_status":"closed","ping_status":"closed","template":"","meta":[],"acf":[],"_links":{"self":[{"href":"https:\/\/ens8-caba.infd.edu.ar\/sitio\/wp-json\/wp\/v2\/pages\/1186"}],"collection":[{"href":"https:\/\/ens8-caba.infd.edu.ar\/sitio\/wp-json\/wp\/v2\/pages"}],"about":[{"href":"https:\/\/ens8-caba.infd.edu.ar\/sitio\/wp-json\/wp\/v2\/types\/page"}],"author":[{"embeddable":true,"href":"https:\/\/ens8-caba.infd.edu.ar\/sitio\/wp-json\/wp\/v2\/users\/1393"}],"replies":[{"embeddable":true,"href":"https:\/\/ens8-caba.infd.edu.ar\/sitio\/wp-json\/wp\/v2\/comments?post=1186"}],"version-history":[{"count":1,"href":"https:\/\/ens8-caba.infd.edu.ar\/sitio\/wp-json\/wp\/v2\/pages\/1186\/revisions"}],"predecessor-version":[{"id":2536,"href":"https:\/\/ens8-caba.infd.edu.ar\/sitio\/wp-json\/wp\/v2\/pages\/1186\/revisions\/2536"}],"wp:attachment":[{"href":"https:\/\/ens8-caba.infd.edu.ar\/sitio\/wp-json\/wp\/v2\/media?parent=1186"}],"curies":[{"name":"wp","href":"https:\/\/api.w.org\/{rel}","templated":true}]}}