{"id":1192,"date":"2018-08-29T14:42:06","date_gmt":"2018-08-29T17:42:06","guid":{"rendered":"https:\/\/ens8-caba.infd.edu.ar\/sitio\/datos-institucionales\/"},"modified":"2025-09-03T16:46:49","modified_gmt":"2025-09-03T19:46:49","slug":"datos-institucionales","status":"publish","type":"page","link":"https:\/\/ens8-caba.infd.edu.ar\/sitio\/datos-institucionales\/","title":{"rendered":"Datos institucionales"},"content":{"rendered":"<blockquote><p><span style=\"font-size: 12pt;\"><strong><span style=\"font-family: verdana;\">Escuela Normal Superior N\u00b08 \u00abPresidente Julio A. Roca\u00bb<\/span><\/strong><\/span><\/p>\n<ul>\n<li><span style=\"font-size: 10pt; font-family: verdana;\">Edificio Central: La Rioja 1042 \/ <span style=\"font-size: 10pt; font-family: verdana;\">4931-1551 y 4932-9433<\/span><\/span><\/li>\n<li><span style=\"font-size: 10pt; font-family: verdana;\">Edificio Anexo: Carlos Calvo 3150 \/ 4931-2283<\/span><\/li>\n<\/ul>\n<p><span style=\"font-size: 10pt; font-family: verdana;\">Ciudad Aut\u00f3noma de Buenos Aires.<\/span><\/p>\n<p><span style=\"font-size: 10pt; font-family: verdana;\"><strong>Horario de atenci\u00f3n:<\/strong> <\/span><\/p>\n<ul>\n<li><span style=\"font-size: 10pt; font-family: verdana;\"><strong>Secretar\u00eda General y Prosecretar\u00eda de Nivel Medio:<\/strong> Lunes a viernes de 9 a 11 y de 14 a 16.&nbsp;<\/span><\/li>\n<\/ul>\n<p><span style=\"font-size: 10pt; font-family: verdana;\">Correo electr\u00f3nico: ens8@bue.edu.ar<\/span><\/p>\n<ul>\n<li><span style=\"font-size: 10pt; font-family: verdana;\"><strong>Prosecretar\u00eda de Nivel Terciario:<\/strong> Lunes a viernes de 18 a 20.<\/span><\/li>\n<\/ul>\n<p><span style=\"font-size: 10pt; font-family: verdana;\">&nbsp; &nbsp; &nbsp; &nbsp; &nbsp; &nbsp;Correo electr\u00f3nico: ens8_ntprosecretaria@bue.edu.ar<\/span><\/p>\n<p><span style=\"font-size: 10pt; font-family: verdana;\">&nbsp;<\/span><\/p><\/blockquote>\n","protected":false},"excerpt":{"rendered":"<p>Escuela Normal Superior N\u00b08 \u00abPresidente Julio A. Roca\u00bb Edificio Central: La Rioja 1042 \/ 4931-1551 y 4932-9433 Edificio Anexo: Carlos Calvo 3150 \/ 4931-2283 Ciudad Aut\u00f3noma de Buenos Aires. Horario de atenci\u00f3n: Secretar\u00eda General y Prosecretar\u00eda de Nivel Medio: Lunes a viernes de 9 a 11 y de 14 a 16.&nbsp; Correo electr\u00f3nico: ens8@bue.edu.ar Prosecretar\u00eda &#8230; <a title=\"Datos institucionales\" class=\"read-more\" href=\"https:\/\/ens8-caba.infd.edu.ar\/sitio\/datos-institucionales\/\" aria-label=\"More on Datos institucionales\">[+]<\/a><\/p>\n","protected":false},"author":1393,"featured_media":0,"parent":0,"menu_order":0,"comment_status":"closed","ping_status":"closed","template":"","meta":[],"acf":[],"_links":{"self":[{"href":"https:\/\/ens8-caba.infd.edu.ar\/sitio\/wp-json\/wp\/v2\/pages\/1192"}],"collection":[{"href":"https:\/\/ens8-caba.infd.edu.ar\/sitio\/wp-json\/wp\/v2\/pages"}],"about":[{"href":"https:\/\/ens8-caba.infd.edu.ar\/sitio\/wp-json\/wp\/v2\/types\/page"}],"author":[{"embeddable":true,"href":"https:\/\/ens8-caba.infd.edu.ar\/sitio\/wp-json\/wp\/v2\/users\/1393"}],"replies":[{"embeddable":true,"href":"https:\/\/ens8-caba.infd.edu.ar\/sitio\/wp-json\/wp\/v2\/comments?post=1192"}],"version-history":[{"count":4,"href":"https:\/\/ens8-caba.infd.edu.ar\/sitio\/wp-json\/wp\/v2\/pages\/1192\/revisions"}],"predecessor-version":[{"id":2896,"href":"https:\/\/ens8-caba.infd.edu.ar\/sitio\/wp-json\/wp\/v2\/pages\/1192\/revisions\/2896"}],"wp:attachment":[{"href":"https:\/\/ens8-caba.infd.edu.ar\/sitio\/wp-json\/wp\/v2\/media?parent=1192"}],"curies":[{"name":"wp","href":"https:\/\/api.w.org\/{rel}","templated":true}]}}