{"id":1200,"date":"2018-08-29T14:42:10","date_gmt":"2018-08-29T17:42:10","guid":{"rendered":"https:\/\/ens8-caba.infd.edu.ar\/sitio\/historia\/"},"modified":"2023-10-31T20:10:50","modified_gmt":"2023-10-31T23:10:50","slug":"historia","status":"publish","type":"page","link":"https:\/\/ens8-caba.infd.edu.ar\/sitio\/historia\/","title":{"rendered":"Historia"},"content":{"rendered":"\n<p class=\"has-text-align-center has-background\" style=\"background-color:#dff4fa;font-size:15px;font-style:normal;font-weight:900\"><span lang=\"ES-TRAD\"><span style=\"font-size: 12pt; font-family: Arial;\"><strong style=\"mso-bidi-font-size: 10.0pt; mso-bidi-font-weight: normal;\">NUESTRA ESCUELA<\/strong><\/span><\/span><\/p>\n\n\n\n<p><span style=\"font-size: 10pt; font-family: Verdana;\"><span lang=\"ES-TRAD\" style=\"mso-bidi-font-size: 10.0pt;\">&nbsp; &nbsp;&nbsp;<\/span><\/span><\/p>\n\n\n\n<p class=\"has-text-align-left\">Por decreto del &nbsp;Presidente Dr. Figueroa Alcorta y su Ministro de Instrucci\u00f3n P\u00fablica, Dr. R\u00f3mulo Na\u00f3n, se crean el 5 de enero de 1910 las Escuelas Normales de Se\u00f1oritas Maestras Nros. 7 y 8.<\/p>\n\n\n\n<p class=\"has-text-align-left\">La historia de nuestra escuela se vincula con la historia de las quintas de San Crist\u00f3bal, porque este edificio que ocupamos fue entonces adquirido por decreto del mismo Presidente Figueroa Alcorta, y en sus or\u00edgenes fue la residencia de una quinta, propiedad de \u00c1ngel G. Toscano y Teresa Us\u00faa.<\/p>\n\n\n\n<p class=\"has-text-align-left\">La planta edilicia de la instituci\u00f3n, tiene entrada sobre la calle La Rioja, est\u00e1 separada de la acera por un jard\u00edn y una reja de hierro asentada en un z\u00f3calo.<\/p>\n\n\n\n<p class=\"has-text-align-left\">El hall central tiene pisos de mosaico veneciano, est\u00e1 cubierta por luminosos vitrales que permiten apreciar la planta superior, hacia donde convergen todas las aulas.<\/p>\n\n\n\n<p class=\"has-text-align-left\">Las dos alas agregadas entre las d\u00e9cadas del &#8217;20 y los &#8217;30 del siglo pasado, conservan el mismo estilo y se accede por amplias escaleras laterales de m\u00e1rmol blanco.<\/p>\n\n\n\n<p class=\"has-text-align-left\">La primera generaci\u00f3n de alumnas de esta escuela fue de 279 ni\u00f1as en el Departamento de Aplicaci\u00f3n y 77 en el nivel medio.<\/p>\n\n\n\n<p class=\"has-text-align-left\">El primer director fue don Jos\u00e9 Gregorio Paz y bajo su conducci\u00f3n la escuela comenz\u00f3 a funcionar el 2 de mayo de 1910.<\/p>\n\n\n\n<p class=\"has-text-align-left\">Nuestra Se\u00f1ora dela Misericordia, del barrio de Flores; Esp\u00edritu Santo, de Mataderos (1939); Cristo Rey, de Lan\u00fas (1950); Del Buen y Perpetuo Socorro, de Mataderos (1957); Sant\u00edsimo Sacramento, de Villa Luro (1958); La Providencia, de Constituci\u00f3n (1959) y Sagrado Coraz\u00f3n, de Castelar (1960)&nbsp; fueron colegios incorporados.<\/p>\n\n\n\n<p class=\"has-text-align-left\">La Asociaci\u00f3n de Ex \u2013alumnas, se crea el 11 de setiembre de 1926, siendo directora la Sra. Valentina V. De Correa, quien avizor\u00f3 la necesidad de mantener contactos y encuentros peri\u00f3dicos con las egresadas, cuyas&nbsp;inquietudes se vieron canalizadas en la revista \u201cAchalay\u201d. Actualmente se re\u00fanen todos los a\u00f1os para conmemorar el 50\u00ba aniversario del egreso de la promoci\u00f3n correspondiente.<\/p>\n\n\n\n<p class=\"has-text-align-left\">Con motivo del 25\u00ba aniversario, &nbsp;la entonces Directora Mercedes F. De Molina solicita el&nbsp;patronazgo del Presidente Julio A. Roca, por&nbsp;haber promulgado la ley N\u00ba 1420 de Educaci\u00f3n Com\u00fan.<\/p>\n\n\n\n<p class=\"has-text-align-left\">Los festejos del cincuentenario se vieron reflejados en la prensa y en la organizaci\u00f3n que realizara la Comisi\u00f3n de Homenajes de la Escuela.<\/p>\n\n\n\n<p class=\"has-text-align-left\">En 1968 el Decreto N\u00ba 8051\/68 reforma los planes de estudio para la formaci\u00f3n&nbsp;&nbsp;de maestras para primaria. La formaci\u00f3n de los mismas deja de efectuarse en el nivel medio egresando en&nbsp;1969 la \u00faltima promoci\u00f3n de Maestras Normales. El nivel medio o secundario pasa entonces a la modalidad Bachiller con diferentes orientaciones.<\/p>\n\n\n\n<p class=\"has-text-align-left\">En 1979, en el nivel medio la escuela es incorporada al R\u00e9gimen de Profesores designados por cargos docentes (Ley 22.416) conocida como Proyecto XIII.<\/p>\n\n\n\n<p class=\"has-text-align-left\">En 1982 se crea el Profesorado para la Ense\u00f1anza Primaria en el turno tarde y al a\u00f1o siguiente&nbsp;se incorporan los primeros varones en el nivel medio.<\/p>\n\n\n\n<p class=\"has-text-align-left\">En 1991, se crea y&nbsp;comienza a funcionar en el turno vespertino&nbsp;el Profesorado para la Educaci\u00f3n Preescolar &nbsp;junto a otra comisi\u00f3n del de primaria.<\/p>\n\n\n\n<p class=\"has-text-align-left\">En el a\u00f1o 2002 se implementan los planes de Profesorado de Nivel Primario\/E.G.B. 1\u00ba y 2\u00ba ciclo y el Profesorado de Nivel Inicial, los que en el a\u00f1o 2009 y 2015 son reemplazados por los actuales planes de estudio, correspondientes al Profesorado de Educaci\u00f3n Primaria y el Profesorado de Educaci\u00f3n Inicial.<\/p>\n\n\n\n<p class=\"has-text-align-left\">El 2 de mayo de 2010 comenzaron los festejos del centenario de la instituci\u00f3n, los que se cerraron con el acto oficial en el mes de noviembre.<\/p>\n\n\n\n<p class=\"has-text-align-left\">El nivel inicial incorpora en ese a\u00f1o la sala de 2 a\u00f1os y en 2015 sala de 1 a\u00f1o.<\/p>\n\n\n\n<p class=\"has-text-align-left\">En el 2013 se cumpli\u00f3 el centenario de la primera promoci\u00f3n de maestras normales y se coloca una replica de la foto hist\u00f3rica en el vest\u00edbulo del edifico central, sobre la placa que ellas donaran a la escuela con motivo de su egreso.<\/p>\n\n\n\n<p class=\"has-text-align-left\">&nbsp;<\/p>\n\n\n\n<p class=\"has-text-align-left\">&nbsp;<\/p>\n","protected":false},"excerpt":{"rendered":"<p>NUESTRA ESCUELA &nbsp; &nbsp;&nbsp; Por decreto del &nbsp;Presidente Dr. Figueroa Alcorta y su Ministro de Instrucci\u00f3n P\u00fablica, Dr. R\u00f3mulo Na\u00f3n, se crean el 5 de enero de 1910 las Escuelas Normales de Se\u00f1oritas Maestras Nros. 7 y 8. La historia de nuestra escuela se vincula con la historia de las quintas de San Crist\u00f3bal, porque &#8230; <a title=\"Historia\" class=\"read-more\" href=\"https:\/\/ens8-caba.infd.edu.ar\/sitio\/historia\/\" aria-label=\"More on Historia\">[+]<\/a><\/p>\n","protected":false},"author":1393,"featured_media":0,"parent":0,"menu_order":0,"comment_status":"closed","ping_status":"closed","template":"","meta":[],"acf":[],"_links":{"self":[{"href":"https:\/\/ens8-caba.infd.edu.ar\/sitio\/wp-json\/wp\/v2\/pages\/1200"}],"collection":[{"href":"https:\/\/ens8-caba.infd.edu.ar\/sitio\/wp-json\/wp\/v2\/pages"}],"about":[{"href":"https:\/\/ens8-caba.infd.edu.ar\/sitio\/wp-json\/wp\/v2\/types\/page"}],"author":[{"embeddable":true,"href":"https:\/\/ens8-caba.infd.edu.ar\/sitio\/wp-json\/wp\/v2\/users\/1393"}],"replies":[{"embeddable":true,"href":"https:\/\/ens8-caba.infd.edu.ar\/sitio\/wp-json\/wp\/v2\/comments?post=1200"}],"version-history":[{"count":3,"href":"https:\/\/ens8-caba.infd.edu.ar\/sitio\/wp-json\/wp\/v2\/pages\/1200\/revisions"}],"predecessor-version":[{"id":2559,"href":"https:\/\/ens8-caba.infd.edu.ar\/sitio\/wp-json\/wp\/v2\/pages\/1200\/revisions\/2559"}],"wp:attachment":[{"href":"https:\/\/ens8-caba.infd.edu.ar\/sitio\/wp-json\/wp\/v2\/media?parent=1200"}],"curies":[{"name":"wp","href":"https:\/\/api.w.org\/{rel}","templated":true}]}}