{"id":1210,"date":"2018-08-29T14:42:15","date_gmt":"2018-08-29T17:42:15","guid":{"rendered":"https:\/\/ens8-caba.infd.edu.ar\/sitio\/modalidades\/"},"modified":"2019-03-29T11:44:57","modified_gmt":"2019-03-29T14:44:57","slug":"modalidades","status":"publish","type":"page","link":"https:\/\/ens8-caba.infd.edu.ar\/sitio\/modalidades\/","title":{"rendered":"Modalidades"},"content":{"rendered":"<ul>\n<li><strong>1ro a\u00f1o y 2do A\u00f1o<\/strong>: Nueva Escuela Secundaria (NES)<\/li>\n<\/ul>\n<p>Turno Ma\u00f1ana: 7.45 a 12.45<\/p>\n<p>Divisiones 1\u00aa, 2\u00aa y 3\u00aa.<\/p>\n<p>Turno Tarde: 13.15 a 18.15<\/p>\n<p>Divisiones 4\u00aa, 5\u00aa y 6\u00aa<\/p>\n<p><strong>Idiomas:<\/strong><\/p>\n<p>Divisiones 1\u00aa, 4\u00aa y 6\u00aa cursan FRANC\u00c9S como segunda lengua.<\/p>\n<p>Divisiones 2\u00aa, 3\u00aa y 5\u00aa cursan INGL\u00c9S como segunda lengua.<\/p>\n<p>&nbsp;<\/p>\n<ul>\n<li>\u00a0<strong>3er, 4to y 5to a\u00f1o:\u00a0<\/strong>\u00a0Nueva Escuela Secundaria (NES)<\/li>\n<\/ul>\n<p>Turno Ma\u00f1ana:\u00a07.45 a 12.45<\/p>\n<p>Turno Tarde:\u00a0\u00a013.15 a 18.15<\/p>\n<p><strong>Orientaciones Turno Ma\u00f1ana<\/strong><\/p>\n<p><strong>\u00a0 \u00a0 \u00a0 \u00a0 \u00a0 \u00a0 \u00a0 \u00a0<\/strong><em>Educaci\u00f3n<\/em><\/p>\n<p><em>\u00a0 \u00a0 \u00a0 \u00a0 \u00a0 \u00a0 \u00a0 \u00a0Ciencias Naturales<\/em><\/p>\n<p><em>\u00a0 \u00a0 \u00a0 \u00a0 \u00a0 \u00a0 \u00a0 \u00a0Matem\u00e1tica y F\u00edsica<strong>\u00a0<\/strong><\/em><\/p>\n<p><em><strong>\u00a0 \u00a0 \u00a0 \u00a0 \u00a0 <\/strong><\/em><strong><strong>Orientaciones Turno Tarde<\/strong><\/strong><\/p>\n<p><em><strong><strong>\u00a0 \u00a0 \u00a0 \u00a0 \u00a0 \u00a0 \u00a0 \u00a0<\/strong><\/strong>Ciencias Sociales y Humanidades<\/em><\/p>\n<p><em>\u00a0 \u00a0 \u00a0 \u00a0 \u00a0 \u00a0 \u00a0 \u00a0Ciencias Naturales\u00a0<\/em><\/p>\n<ul>\n<li style=\"list-style-type: none\">\n<ul>\n<li style=\"list-style-type: none;\"><\/li>\n<\/ul>\n<\/li>\n<\/ul>\n<p>&nbsp;<\/p>\n","protected":false},"excerpt":{"rendered":"<p>1ro a\u00f1o y 2do A\u00f1o: Nueva Escuela Secundaria (NES) Turno Ma\u00f1ana: 7.45 a 12.45 Divisiones 1\u00aa, 2\u00aa y 3\u00aa. Turno Tarde: 13.15 a 18.15 Divisiones 4\u00aa, 5\u00aa y 6\u00aa Idiomas: Divisiones 1\u00aa, 4\u00aa y 6\u00aa cursan FRANC\u00c9S como segunda lengua. Divisiones 2\u00aa, 3\u00aa y 5\u00aa cursan INGL\u00c9S como segunda lengua. &nbsp; \u00a03er, 4to y 5to &#8230; <a title=\"Modalidades\" class=\"read-more\" href=\"https:\/\/ens8-caba.infd.edu.ar\/sitio\/modalidades\/\" aria-label=\"More on Modalidades\">[+]<\/a><\/p>\n","protected":false},"author":1393,"featured_media":0,"parent":0,"menu_order":0,"comment_status":"closed","ping_status":"closed","template":"","meta":[],"acf":[],"_links":{"self":[{"href":"https:\/\/ens8-caba.infd.edu.ar\/sitio\/wp-json\/wp\/v2\/pages\/1210"}],"collection":[{"href":"https:\/\/ens8-caba.infd.edu.ar\/sitio\/wp-json\/wp\/v2\/pages"}],"about":[{"href":"https:\/\/ens8-caba.infd.edu.ar\/sitio\/wp-json\/wp\/v2\/types\/page"}],"author":[{"embeddable":true,"href":"https:\/\/ens8-caba.infd.edu.ar\/sitio\/wp-json\/wp\/v2\/users\/1393"}],"replies":[{"embeddable":true,"href":"https:\/\/ens8-caba.infd.edu.ar\/sitio\/wp-json\/wp\/v2\/comments?post=1210"}],"version-history":[{"count":2,"href":"https:\/\/ens8-caba.infd.edu.ar\/sitio\/wp-json\/wp\/v2\/pages\/1210\/revisions"}],"predecessor-version":[{"id":2560,"href":"https:\/\/ens8-caba.infd.edu.ar\/sitio\/wp-json\/wp\/v2\/pages\/1210\/revisions\/2560"}],"wp:attachment":[{"href":"https:\/\/ens8-caba.infd.edu.ar\/sitio\/wp-json\/wp\/v2\/media?parent=1210"}],"curies":[{"name":"wp","href":"https:\/\/api.w.org\/{rel}","templated":true}]}}