{"id":1212,"date":"2018-08-29T14:42:16","date_gmt":"2018-08-29T17:42:16","guid":{"rendered":"https:\/\/ens8-caba.infd.edu.ar\/sitio\/ingresantes-2018\/"},"modified":"2025-09-16T00:18:14","modified_gmt":"2025-09-16T03:18:14","slug":"ingresantes","status":"publish","type":"page","link":"https:\/\/ens8-caba.infd.edu.ar\/sitio\/ingresantes\/","title":{"rendered":"Ingresantes 2026"},"content":{"rendered":"<pre style=\"text-align: center;\"><span style=\"font-family: verdana, geneva; font-size: 10pt;\"><strong style=\"font-family: arial, helvetica, sans-serif; font-size: 10pt;\">Inscripci\u00f3n al primer cuatrimestre de 2026<\/strong><\/span><\/pre>\n<p><span style=\"font-family: verdana, geneva; font-size: 10pt;\">\u00a0<\/span><span style=\"font-size: inherit;\">Para inscribirte deb\u00e9s:<\/span><\/p>\n<div class=\"yiv1932226714ydp24a50a47yahoo-style-wrap\">\n<div id=\"yiv1932226714ydp24a50a47yiv0085388249\">\n<div id=\"yiv1932226714ydp24a50a47yiv0085388249ydpd5a7aa5eyahoo_quoted_3683422668\" class=\"yiv1932226714ydp24a50a47yiv0085388249ydpd5a7aa5eyahoo_quoted\">\n<div id=\"yiv1932226714ydp24a50a47yiv0085388249ydpd5a7aa5eyiv2466861586\">\n<div class=\"yiv1932226714ydp24a50a47yiv0085388249ydpd5a7aa5eyiv2466861586yahoo-style-wrap\">\n<div dir=\"ltr\">\n<div dir=\"ltr\">\n<div dir=\"ltr\">\n<div dir=\"ltr\">\n<div dir=\"ltr\">\n<div dir=\"ltr\">\n<p><strong>1) Realizar la Preinscripci\u00f3n:\u00a0<\/strong><\/p>\n<p>a)\u00a0<strong> en l\u00ednea <\/strong>desde el 6\/10 hasta el 6\/12\/2025 y desde el 9\/12\/2025 hasta el 21\/2\/2026 (sugerimos inscribirse antes de esta fecha l\u00edmite para poder asegurar la correcta inscripci\u00f3n en el sistema y la vacante) <strong>en el <a href=\"https:\/\/guarani-autogestionfdocente.bue.edu.ar\/preinscripcion\/caba\/acceso\">sitio web de Preinscripciones<\/a>\u00a0<\/strong>seleccionando la carrera e instituci\u00f3n deseada. Pueden consultar e<a href=\"https:\/\/docs.google.com\/document\/d\/1hMlmg_pIAIZzOJQrc1J6oliN462p79GDXlkeEvq8ZTI\/edit\">l INSTRUCTIVO DE PREINSCRIPCI\u00d3N-ASPIRANTES.<\/a><\/p>\n<p><strong>Si ten\u00e9s alguna duda o inconveniente con tu preinscripci\u00f3n, acercate a la escuela y te asesoramos.<\/strong><\/p>\n<p>b)<strong>\u00a0 <\/strong><strong>acercar a la escuela (La Rioja 1042) la siguiente documentaci\u00f3n de lunes a viernes de 14 a 17 y de 18 a 20 hs:<\/strong><\/p>\n<ul>\n<li><a href=\"https:\/\/docs.google.com\/document\/d\/1oOMUTi0HcjydV3TnIjeVGy7epc7hWy1u\/edit?usp=sharing&amp;ouid=110423787463488160988&amp;rtpof=true&amp;sd=true\"><strong>Formulario-N\u00b0-29-Planilla-preinscripci\u00f3n-ingresantes-2\u00ba-cuatrimestre-2025<\/strong><\/a><\/li>\n<li>Fotocopia del certificado de estudios secundarios (acompa\u00f1ado por el original para su autenticaci\u00f3n) o constancia de t\u00edtulo en tr\u00e1mite o constancia de alumno regular (si est\u00e1n cursando actualmente el \u00faltimo a\u00f1o de nivel medio)<\/li>\n<li>Fotocopia del DNI actualizada<\/li>\n<li>1 foto de 4 cm. por 4 cm. En lo posible en color (puede ser de c\u00e1mara digital impresa)<\/li>\n<li>Fotocopia de otros t\u00edtulos terciarios y\/o universitarios (si los tuviera \u2013 acompa\u00f1ado por el original para su autenticaci\u00f3n)<\/li>\n<li>Folio tama\u00f1o oficio para colocar la documentaci\u00f3n<\/li>\n<li>Constancia de la preinscripci\u00f3n al SIU<\/li>\n<li>Carpeta de tres solapas sin el\u00e1stico<\/li>\n<\/ul>\n<p><strong>2) Cumplir con el curso para ingresantes: fecha a confirmar. <\/strong>Es obligatorio, no eliminatorio. Recibir\u00e1n toda la informaci\u00f3n sobre el inicio del curso v\u00eda correo electr\u00f3nico. Es importante consignar correctamente los datos en el Formulario de inscripci\u00f3n.<\/p>\n<hr \/>\n<p><strong><span style=\"color: #cc99ff;\">Horarios de cursada<\/span><\/strong><\/p>\n<p><strong>Profesorado de Educaci\u00f3n Inicial<\/strong> &#8211; Turno Vespertino (18.10 a 22.10 hs.)<\/p>\n<p><strong>Profesorado de Educaci\u00f3n Primaria<\/strong> &#8211; Turno Tarde (13.15 a 17.35) y Turno Vespertino (18.10 a 22.10 hs.)<\/p>\n<hr \/>\n<p>Respondemos tus consultas en este mail: <b>ens8.terciario@gmail.com<\/b><\/p>\n<p>Si ten\u00e9s dudas o inconvenientes con la preinscripci\u00f3n online, pod\u00e9s acercarte a la escuela para recibir asesoramiento.<\/p>\n<\/div>\n<\/div>\n<\/div>\n<\/div>\n<\/div>\n<\/div>\n<\/div>\n<\/div>\n<\/div>\n<\/div>\n<\/div>\n<p style=\"text-align: center;\">\n","protected":false},"excerpt":{"rendered":"<p>Inscripci\u00f3n al primer cuatrimestre de 2026 \u00a0Para inscribirte deb\u00e9s: 1) Realizar la Preinscripci\u00f3n:\u00a0 a)\u00a0 en l\u00ednea desde el 6\/10 hasta el 6\/12\/2025 y desde el 9\/12\/2025 hasta el 21\/2\/2026 (sugerimos inscribirse antes de esta fecha l\u00edmite para poder asegurar la correcta inscripci\u00f3n en el sistema y la vacante) en el sitio web de Preinscripciones\u00a0seleccionando la &#8230; <a title=\"Ingresantes 2026\" class=\"read-more\" href=\"https:\/\/ens8-caba.infd.edu.ar\/sitio\/ingresantes\/\" aria-label=\"More on Ingresantes 2026\">[+]<\/a><\/p>\n","protected":false},"author":1393,"featured_media":0,"parent":0,"menu_order":0,"comment_status":"closed","ping_status":"closed","template":"","meta":[],"acf":[],"_links":{"self":[{"href":"https:\/\/ens8-caba.infd.edu.ar\/sitio\/wp-json\/wp\/v2\/pages\/1212"}],"collection":[{"href":"https:\/\/ens8-caba.infd.edu.ar\/sitio\/wp-json\/wp\/v2\/pages"}],"about":[{"href":"https:\/\/ens8-caba.infd.edu.ar\/sitio\/wp-json\/wp\/v2\/types\/page"}],"author":[{"embeddable":true,"href":"https:\/\/ens8-caba.infd.edu.ar\/sitio\/wp-json\/wp\/v2\/users\/1393"}],"replies":[{"embeddable":true,"href":"https:\/\/ens8-caba.infd.edu.ar\/sitio\/wp-json\/wp\/v2\/comments?post=1212"}],"version-history":[{"count":63,"href":"https:\/\/ens8-caba.infd.edu.ar\/sitio\/wp-json\/wp\/v2\/pages\/1212\/revisions"}],"predecessor-version":[{"id":2908,"href":"https:\/\/ens8-caba.infd.edu.ar\/sitio\/wp-json\/wp\/v2\/pages\/1212\/revisions\/2908"}],"wp:attachment":[{"href":"https:\/\/ens8-caba.infd.edu.ar\/sitio\/wp-json\/wp\/v2\/media?parent=1212"}],"curies":[{"name":"wp","href":"https:\/\/api.w.org\/{rel}","templated":true}]}}