{"id":1222,"date":"2018-08-29T14:42:20","date_gmt":"2018-08-29T17:42:20","guid":{"rendered":"https:\/\/ens8-caba.infd.edu.ar\/sitio\/el-nivel-inicial-del-normal-no8\/"},"modified":"2025-09-16T00:27:54","modified_gmt":"2025-09-16T03:27:54","slug":"el-nivel-inicial-del-normal-no8","status":"publish","type":"page","link":"https:\/\/ens8-caba.infd.edu.ar\/sitio\/el-nivel-inicial-del-normal-no8\/","title":{"rendered":"Actualidad"},"content":{"rendered":"<p style=\"text-align: justify;\">El Nivel Inicial de la instituci\u00f3n desarrolla sus actividades en el edificio anexo, Carlos Calvo 3150. Cuenta con salas de uno a cinco a\u00f1os en ambos turnos, siendo entonces diez en total.<\/p>\n<p style=\"text-align: justify;\">El personal docente est\u00e1 compuesto por directora, vicedirectora, maestra secretaria, maestras de sala, maestras auxiliares, maestras especiales de educaci\u00f3n f\u00edsica y maestras especiales de m\u00fasica.<\/p>\n<p style=\"text-align: justify;\">Cada sala cuenta con una importante colecci\u00f3n de material did\u00e1ctico, recursos tecnol\u00f3gicos y acceso a internet.<\/p>\n<p style=\"text-align: justify;\">Tambi\u00e9n, el nivel inicial dispone de un amplio patio de juegos al aire libre, rodeado de una a\u00f1osa arboleda y un jard\u00edn sensorial.<\/p>\n<p style=\"text-align: justify;\">Este nivel de la escuela, es en la comunidad barrial, uno de los m\u00e1s pretendidos contando actualmente con una matr\u00edcula de aproximadamente 180 alumnos.<\/p>\n<p><\/p>\n\n\n<figure class=\"wp-block-gallery has-nested-images columns-default is-cropped wp-block-gallery-1 is-layout-flex\">\n<figure class=\"wp-block-image size-large is-style-default\"><img decoding=\"async\" loading=\"lazy\" width=\"800\" height=\"600\" data-id=\"2909\"  src=\"https:\/\/ens8-caba.infd.edu.ar\/sitio\/wp-content\/uploads\/2025\/09\/ANEXO-ENS-8.jpg\" alt=\"\" class=\"wp-image-2909\" srcset=\"https:\/\/ens8-caba.infd.edu.ar\/sitio\/wp-content\/uploads\/2025\/09\/ANEXO-ENS-8.jpg 800w, https:\/\/ens8-caba.infd.edu.ar\/sitio\/wp-content\/uploads\/2025\/09\/ANEXO-ENS-8-768x576.jpg 768w\" sizes=\"(max-width: 800px) 100vw, 800px\" \/><\/figure>\n<\/figure>\n\n\n\n<figure class=\"wp-block-image size-full\"><img decoding=\"async\" loading=\"lazy\" width=\"800\" height=\"600\" src=\"https:\/\/ens8-caba.infd.edu.ar\/sitio\/wp-content\/uploads\/2025\/09\/CASCO-HISTORICO-ANEXO-ENS-8.jpg\" alt=\"\" class=\"wp-image-2912\" srcset=\"https:\/\/ens8-caba.infd.edu.ar\/sitio\/wp-content\/uploads\/2025\/09\/CASCO-HISTORICO-ANEXO-ENS-8.jpg 800w, https:\/\/ens8-caba.infd.edu.ar\/sitio\/wp-content\/uploads\/2025\/09\/CASCO-HISTORICO-ANEXO-ENS-8-768x576.jpg 768w\" sizes=\"(max-width: 800px) 100vw, 800px\" \/><\/figure>\n","protected":false},"excerpt":{"rendered":"<p>El Nivel Inicial de la instituci\u00f3n desarrolla sus actividades en el edificio anexo, Carlos Calvo 3150. Cuenta con salas de uno a cinco a\u00f1os en ambos turnos, siendo entonces diez en total. El personal docente est\u00e1 compuesto por directora, vicedirectora, maestra secretaria, maestras de sala, maestras auxiliares, maestras especiales de educaci\u00f3n f\u00edsica y maestras especiales &#8230; <a title=\"Actualidad\" class=\"read-more\" href=\"https:\/\/ens8-caba.infd.edu.ar\/sitio\/el-nivel-inicial-del-normal-no8\/\" aria-label=\"More on Actualidad\">[+]<\/a><\/p>\n","protected":false},"author":1393,"featured_media":0,"parent":0,"menu_order":0,"comment_status":"closed","ping_status":"closed","template":"","meta":[],"acf":[],"_links":{"self":[{"href":"https:\/\/ens8-caba.infd.edu.ar\/sitio\/wp-json\/wp\/v2\/pages\/1222"}],"collection":[{"href":"https:\/\/ens8-caba.infd.edu.ar\/sitio\/wp-json\/wp\/v2\/pages"}],"about":[{"href":"https:\/\/ens8-caba.infd.edu.ar\/sitio\/wp-json\/wp\/v2\/types\/page"}],"author":[{"embeddable":true,"href":"https:\/\/ens8-caba.infd.edu.ar\/sitio\/wp-json\/wp\/v2\/users\/1393"}],"replies":[{"embeddable":true,"href":"https:\/\/ens8-caba.infd.edu.ar\/sitio\/wp-json\/wp\/v2\/comments?post=1222"}],"version-history":[{"count":3,"href":"https:\/\/ens8-caba.infd.edu.ar\/sitio\/wp-json\/wp\/v2\/pages\/1222\/revisions"}],"predecessor-version":[{"id":2919,"href":"https:\/\/ens8-caba.infd.edu.ar\/sitio\/wp-json\/wp\/v2\/pages\/1222\/revisions\/2919"}],"wp:attachment":[{"href":"https:\/\/ens8-caba.infd.edu.ar\/sitio\/wp-json\/wp\/v2\/media?parent=1222"}],"curies":[{"name":"wp","href":"https:\/\/api.w.org\/{rel}","templated":true}]}}