{"id":1228,"date":"2018-08-29T14:42:23","date_gmt":"2018-08-29T17:42:23","guid":{"rendered":"https:\/\/ens8-caba.infd.edu.ar\/sitio\/consejo-directivo\/"},"modified":"2023-09-06T15:58:32","modified_gmt":"2023-09-06T18:58:32","slug":"consejo-directivo","status":"publish","type":"page","link":"https:\/\/ens8-caba.infd.edu.ar\/sitio\/consejo-directivo\/","title":{"rendered":"Consejo Directivo"},"content":{"rendered":"<p><span style=\"font-size: 8pt; font-family: arial, helvetica, sans-serif;\">E<span style=\"font-family: verdana, geneva;\">l <strong>Consejo Directivo<\/strong> es el \u00f3rgano colegiado responsable del proyecto del Nivel Terciario y de la orientaci\u00f3n, asesoramiento y supervisI\u00f3n de su gesti\u00f3n (Art 38, Reglamento Org\u00e1nico de las Escuelas Normales-Res.Nro. 1316\/13).<\/span><\/span><\/p>\n<p><span style=\"font-size: 8pt; font-family: verdana, geneva;\"><em>\u00bfQui\u00e9nes lo integran?<\/em> <\/span><br \/>\n<span style=\"font-size: 8pt; font-family: verdana, geneva;\">El Regente; cuatro (4) representantes del claustro docente; cuatro (4) representantes del claustro estudiantil, y un (1) representante del claustro de graduados. Deber\u00e1n preverse dos (2) suplentes para el claustro de estudiantes, dos (2) suplentes para el claustro docente y un (1) suplente para el claustro de graduados. Es presidido por el Rector, con voz y sin voto, excepto en caso de empate.\u00a0<\/span><\/p>\n<p><span style=\"font-size: 8pt; font-family: verdana, geneva;\">Sobre funciones, sesiones y quorum, elecciones de consejeros y requisitos <span style=\"color: #993366;\"><strong><a style=\"color: #993366;\" title=\"Consejo Directivo- Reglamento org\u00e1nico\" href=\"upload\/Consejo_Directivo_Reglamento_Org%E1nico.doc\" target=\"_blank\" rel=\"noopener\">consultar aqu\u00ed<\/a><\/strong><\/span><\/span><\/p>\n<p><strong><span style=\"font-size: 8pt;\"><span style=\"font-family: arial, helvetica, sans-serif;\">Resultados de elecciones para Consejeros Directivos<br \/>\n<\/span><span style=\"font-family: arial, helvetica, sans-serif;\">para el per\u00edodo 2021-2023<\/span><\/span><\/strong><\/p>\n<table style=\"width: 100%; height: 191px;\" border=\"0\" cellpadding=\"10\">\n<tbody>\n<tr>\n<td style=\"text-align: center; background-color: #8ac6c1;\"><span style=\"font-size: 10pt; font-family: arial, helvetica, sans-serif;\"><strong>Consejeras docentes<\/strong><\/span><\/td>\n<td style=\"text-align: center; background-color: #8ac6c1;\"><span style=\"font-size: 10pt; font-family: arial, helvetica, sans-serif;\"><strong>Consejeras estudiantiles<\/strong><\/span><\/td>\n<td style=\"text-align: center; background-color: #8ac6c1;\"><span style=\"font-size: 10pt; font-family: arial, helvetica, sans-serif;\"><strong>Consejeras graduados<\/strong>\u00a0<\/span><\/td>\n<\/tr>\n<tr>\n<td style=\"background-color: #b0e0e6;\">\n<h6 style=\"text-align: center;\"><em>Titulares<\/em><\/h6>\n<pre style=\"text-align: center;\">Haedo, Trinidad\n\nOrione, Vanina\n\nSu\u00e1rez, Vanesa\n\nRold\u00e1n, Cecilia<\/pre>\n<h6 style=\"text-align: center;\"><em>Suplentes<\/em><\/h6>\n<pre style=\"text-align: center;\">Tapia, Victoria\n\nHancevich, Malka<\/pre>\n<\/td>\n<td style=\"background-color: #b0e0e6;\">\n<h5><\/h5>\n<h6><\/h6>\n<h6 style=\"text-align: center;\"><em>Titulares<\/em><\/h6>\n<pre style=\"text-align: center;\">Vargas L\u00f3pez, Mar\u00eda Elena\n\nZambrini, Romina Soledad\n\nMonge, Mar\u00eda Clara\n\nSzuldman, Valentina<\/pre>\n<h6 style=\"text-align: center;\">Suplentes<\/h6>\n<pre style=\"text-align: center;\">\u00c1lvarez, Ver\u00f3nica\n\nSilva, J\u00e9sica\n\nRicci, Roc\u00edo\n\nIglesias Marincovich, Catalina<\/pre>\n<p style=\"text-align: center;\">\n<\/td>\n<td style=\"background-color: #b0e0e6; text-align: center;\">\n<h6 style=\"text-align: center;\"><em>Titular<\/em><\/h6>\n<pre>Davila R\u00edos, Tatiana<span style=\"font-size: 10pt; font-family: arial, helvetica, sans-serif;\">\u00a0<\/span><\/pre>\n<h6 style=\"text-align: center;\">Suplente<\/h6>\n<pre>Gallol, Gisela In\u00e9s<\/pre>\n<\/td>\n<\/tr>\n<\/tbody>\n<\/table>\n<p><strong>\u00a0Reuniones del Consejo Directivo-<\/strong>\u00a0<span style=\"font-size: 8pt;\">Lugar: Edificio Central a las 18 horas.<\/span><\/p>\n<p><strong><span style=\"font-size: 10pt;\">2018<\/span><\/strong><\/p>\n<table style=\"width: 818px; height: 323px;\" border=\"0\">\n<tbody>\n<tr>\n<td style=\"border: 1px solid #000000; width: 15.9569%;\">\n<p style=\"text-align: center;\"><span style=\"font-family: arial, helvetica, sans-serif; font-size: 8pt;\"><strong>Fechas<\/strong><\/span><\/p>\n<\/td>\n<td style=\"border: 1px solid #000000; width: 80.0431%;\">\n<p style=\"text-align: center;\"><span style=\"font-family: arial, helvetica, sans-serif; font-size: 8pt;\"><strong>Agenda de temas\u00a0<\/strong><strong>\u00a0 \u00a0 \u00a0 \u00a0 \u00a0 \u00a0 \u00a0 \u00a0 \u00a0 \u00a0 \u00a0 \u00a0 \u00a0 \u00a0 \u00a0 \u00a0 \u00a0 \u00a0 \u00a0 \u00a0 \u00a0 \u00a0 \u00a0 \u00a0 \u00a0 \u00a0 \u00a0 \u00a0\u00a0<\/strong><\/span><\/p>\n<\/td>\n<\/tr>\n<tr>\n<td style=\"border: 1px solid #000000; width: 15.9569%;\">\u00a0<span style=\"font-size: 8pt;\">22\/3<\/span><\/td>\n<td style=\"border: 1px solid #000000; width: 80.0431%;\"><span style=\"font-size: 8pt;\">-Situaci\u00f3n de los profesorados<\/span><br \/>\n<span style=\"font-size: 8pt;\">-Propuesta EDI<\/span><br \/>\n<span style=\"font-size: 8pt;\">-Convocatoria a elecciones de integrantes de CD<\/span><br \/>\n<span style=\"font-size: 8pt;\">-Notas de estudiantes<\/span><br \/>\n<span style=\"font-size: 8pt;\">-Selecci\u00f3n de antecedentes<\/span><br \/>\n<span style=\"font-size: 8pt;\">-Comunicaci\u00f3n de claustro de docentes de diciembre de 2017<\/span><br \/>\n<span style=\"font-size: 8pt;\">-Comisi\u00f3n evaluadora para cargo de Coordinaci\u00f3n de Pr\u00e1cticas<\/span><\/td>\n<\/tr>\n<tr>\n<td style=\"border: 1px solid #000000; width: 15.9569%;\"><\/td>\n<td style=\"border: 1px solid #000000; width: 80.0431%;\"><\/td>\n<\/tr>\n<tr>\n<td style=\"border: 1px solid #000000; width: 15.9569%;\"><\/td>\n<td style=\"border: 1px solid #000000; width: 80.0431%;\"><\/td>\n<\/tr>\n<\/tbody>\n<\/table>\n<p><span style=\"font-size: 10pt;\"><strong>2017<\/strong><\/span><\/p>\n<table style=\"width: 100%; height: 78px;\" border=\"0\">\n<tbody>\n<tr>\n<td style=\"border: 1px solid #000000; width: 15.9569%;\">\n<p style=\"text-align: center;\"><span style=\"font-family: arial, helvetica, sans-serif; font-size: 8pt;\"><strong>Fechas<\/strong><\/span><\/p>\n<\/td>\n<td style=\"border: 1px solid #000000; width: 80.0431%;\">\n<p style=\"text-align: center;\"><span style=\"font-family: arial, helvetica, sans-serif; font-size: 8pt;\"><strong>Agenda de temas\u00a0<\/strong><strong>\u00a0 \u00a0 \u00a0 \u00a0 \u00a0 \u00a0 \u00a0 \u00a0 \u00a0 \u00a0 \u00a0 \u00a0 \u00a0 \u00a0 \u00a0 \u00a0 \u00a0 \u00a0 \u00a0 \u00a0 \u00a0 \u00a0 \u00a0 \u00a0 \u00a0 \u00a0 \u00a0 \u00a0\u00a0<\/strong><\/span><\/p>\n<\/td>\n<\/tr>\n<tr>\n<td style=\"border: 1px solid #000000; width: 15.9569%;\"><span style=\"font-family: arial, helvetica, sans-serif; font-size: 8pt;\">martes 21\/2<\/span><\/td>\n<td style=\"border: 1px solid #000000; width: 80.0431%;\"><span style=\"font-family: arial, helvetica, sans-serif; font-size: 8pt;\">Notas presentadas poe estudiantes- pedidos de pr\u00f3rrogas<\/span><br \/>\n<span style=\"font-family: arial, helvetica, sans-serif; font-size: 8pt;\">Agenda de reuniones del CD- se fijan las fechas<\/span><br \/>\n<span style=\"font-family: arial, helvetica, sans-serif; font-size: 8pt;\">Novedades para el nivel (edilicias, pedag\u00f3gicas)<\/span><br \/>\n<span style=\"font-family: arial, helvetica, sans-serif; font-size: 8pt;\">Curso para ingresantes (presentaci\u00f3n de la propuesta)<\/span><br \/>\n<span style=\"font-family: arial, helvetica, sans-serif; font-size: 8pt;\">Agenda para trabajar ROI y RAI<\/span><\/td>\n<\/tr>\n<tr>\n<td style=\"border: 1px solid #000000; width: 15.9569%;\"><span style=\"font-family: arial, helvetica, sans-serif; font-size: 8pt;\">mi\u00e9rcoles 22\/3<\/span><\/td>\n<td style=\"border: 1px solid #000000; width: 80.0431%;\"><span style=\"font-family: arial, helvetica, sans-serif; font-size: 8pt;\">\u00a0suspendida por paro docente<\/span><\/td>\n<\/tr>\n<tr>\n<td style=\"border: 1px solid #000000; width: 15.9569%;\"><span style=\"font-family: arial, helvetica, sans-serif; font-size: 8pt;\">lunes 24\/4<\/span><\/td>\n<td style=\"border: 1px solid #000000; width: 80.0431%;\"><span style=\"font-family: arial, helvetica, sans-serif; font-size: 8pt;\">notas de estudiantes<\/span><br \/>\n<span style=\"font-family: arial, helvetica, sans-serif; font-size: 8pt;\">declaraci\u00f3n del CD acerca de los hechos ocurridos el 9-4<\/span><br \/>\n<span style=\"font-family: arial, helvetica, sans-serif; font-size: 8pt;\">propuesta de charlas para estudiantes y docentes<\/span><br \/>\n<span style=\"font-family: arial, helvetica, sans-serif; font-size: 8pt;\">propuesta para selecci\u00f3n de antecedentes<\/span><br \/>\n<span style=\"font-family: arial, helvetica, sans-serif; font-size: 8pt;\">renovaci\u00f3n EDI<br \/>\n<em>Quedan pendientes de tratamiento:<\/em><\/span><br \/>\n<span style=\"font-family: arial, helvetica, sans-serif; font-size: 8pt;\">propuesta de formaci\u00f3n en terreno para Inicial<\/span><br \/>\n<span style=\"font-family: arial, helvetica, sans-serif; font-size: 8pt;\">casos de recurrencia en el cursado de talleres de pr\u00e1ctica<\/span><\/td>\n<\/tr>\n<tr>\n<td style=\"border: 1px solid #000000; width: 15.9569%;\"><span style=\"font-family: arial, helvetica, sans-serif; font-size: 8pt;\">martes 16\/5<\/span><\/td>\n<td style=\"border: 1px solid #000000; width: 80.0431%;\"><em><span style=\"font-family: arial, helvetica, sans-serif; font-size: 8pt;\">Sesi\u00f3n extraordinaria<\/span><\/em><br \/>\n<span style=\"font-family: arial, helvetica, sans-serif; font-size: 8pt;\">informaci\u00f3n sobre nuevo edificio<\/span><br \/>\n<span style=\"font-family: arial, helvetica, sans-serif; font-size: 8pt;\">renovaci\u00f3n de tutor\u00eda y comisi\u00f3n de coordinaci\u00f3n<\/span><br \/>\n<span style=\"font-family: arial, helvetica, sans-serif; font-size: 8pt;\">presentaci\u00f3n nota de consejeros estudiantiles<\/span><br \/>\n<span style=\"font-family: arial, helvetica, sans-serif; font-size: 8pt;\">nota de estudiante de solicitud de pr\u00f3rroga para rendir final<\/span><br \/>\n<span style=\"font-family: arial, helvetica, sans-serif; font-size: 8pt;\">renovaci\u00f3n EDI<\/span><br \/>\n<span style=\"font-family: arial, helvetica, sans-serif; font-size: 8pt;\"><span style=\"font-family: arial, helvetica, sans-serif; font-size: 8pt;\">situaci\u00f3n de la cursada de expresi\u00f3n corporal\u00a0<\/span><\/span><em>Quedan pendientes de tratamiento:<br \/>\n<\/em>propuesta de formaci\u00f3n en terreno para Inicial\u00a0<span style=\"font-family: arial, helvetica, sans-serif; font-size: 8pt;\">casos de recurrencia en el cursado de talleres de pr\u00e1ctica<\/span><br \/>\n<span style=\"font-family: arial, helvetica, sans-serif; font-size: 8pt;\">selecci\u00f3n de antecedentes- pendiente<\/span><\/td>\n<\/tr>\n<tr>\n<td style=\"border: 1px solid #000000; width: 15.9569%;\"><span style=\"font-family: arial, helvetica, sans-serif; font-size: 8pt;\">martes 29\/5<\/span><\/td>\n<td style=\"border: 1px solid #000000; width: 80.0431%;\"><span style=\"font-family: arial, helvetica, sans-serif; font-size: 8pt;\">\u00a0&#8211; renovaci\u00f3n de los EDI<\/span><br \/>\n<span style=\"font-family: arial, helvetica, sans-serif; font-size: 8pt;\">\u00a0&#8211; formaci\u00f3n en terreno para educaci\u00f3n Inicial<\/span><br \/>\n<span style=\"font-family: arial, helvetica, sans-serif; font-size: 8pt;\">\u00a0&#8211; situaci\u00f3n de la cursada de expresi\u00f3n corporal<\/span><br \/>\n<span style=\"font-family: arial, helvetica, sans-serif; font-size: 8pt;\">\u00a0&#8211; casos de recurrencia en el cursado de talleres de pr\u00e1ctica<\/span><span style=\"font-family: arial, helvetica, sans-serif; font-size: 8pt;\"><em>\u00a0Quedan pendientes de tratamiento:<\/em><br \/>\n<\/span><span style=\"font-family: arial, helvetica, sans-serif; font-size: 8pt;\">selecci\u00f3n de antecedentes, se retomar\u00e1 en la reuni\u00f3n del 21\/6.\u00a0<\/span><span style=\"font-family: arial, helvetica, sans-serif; font-size: 8pt;\">Se plantea como tema de pr\u00f3ximas reuniones: la elaboraci\u00f3n de reglamentos ROI y RAI<\/span><\/td>\n<\/tr>\n<tr>\n<td style=\"border: 1px solid #000000; width: 15.9569%;\"><span style=\"font-family: arial, helvetica, sans-serif; font-size: 8pt;\">mi\u00e9rcoles 21\/6<\/span><\/td>\n<td style=\"border: 1px solid #000000; width: 80.0431%;\"><span style=\"font-family: arial, helvetica, sans-serif; font-size: 8pt;\">\u00a0Pas\u00f3 al lunes 10\/7<\/span><\/td>\n<\/tr>\n<tr>\n<td style=\"border: 1px solid #000000; width: 15.9569%;\"><span style=\"font-family: arial, helvetica, sans-serif; font-size: 8pt;\">jueves 6\/07<\/span><\/td>\n<td style=\"border: 1px solid #000000; width: 80.0431%;\"><span style=\"font-size: 8pt; font-family: arial, helvetica, sans-serif;\">Sesi\u00f3n extraordinaria<br \/>\n&#8211; pedidos de pr\u00f3rroga para rendir ex\u00e1menes finales en el llamado de julio\/agosto 2017<\/span><\/td>\n<\/tr>\n<tr>\n<td style=\"border: 1px solid #000000; width: 15.9569%;\"><span style=\"font-family: arial, helvetica, sans-serif; font-size: 8pt;\">Lunes 10\/07<\/span><\/td>\n<td style=\"border: 1px solid #000000; width: 80.0431%;\"><span style=\"font-size: 8pt;\">\u00a0<span style=\"font-family: arial, helvetica, sans-serif;\">-Informaci\u00f3n acerca del programa \u00abElegir la docencia\u00bb<\/span><br \/>\n<span style=\"font-family: arial, helvetica, sans-serif;\">\u00a0&#8211; nota de estudiante<\/span><br \/>\n<\/span><span style=\"font-family: arial, helvetica, sans-serif;\"><span style=\"font-size: 8pt;\">\u00a0&#8211; <\/span><span style=\"font-size: 8pt;\">selecci\u00f3n de antecedentes cargos docentes- criterios<br \/>\n<\/span><span style=\"font-size: 8pt;\">\u00a0&#8211; pr\u00f3rrogas presentadas<\/span><\/span><\/td>\n<\/tr>\n<tr>\n<td style=\"border: 1px solid #000000; width: 15.9569%;\"><span style=\"font-family: arial, helvetica, sans-serif; font-size: 8pt;\">martes 15\/8<\/span><\/td>\n<td style=\"border: 1px solid #000000; width: 80.0431%;\"><span style=\"font-size: 8pt;\">\u00a0<span style=\"font-family: arial, helvetica, sans-serif;\">&#8211; Elecciones: cargo vicerrector\/a<\/span><\/span><br \/>\n<span style=\"font-size: 8pt; font-family: arial, helvetica, sans-serif;\">\u00a0&#8211; notas de estudiantes<br \/>\n&#8211; se da continuidad a temas de la reuni\u00f3n anterior<\/span><\/td>\n<\/tr>\n<tr>\n<td style=\"border: 1px solid #000000; width: 15.9569%;\"><span style=\"font-family: arial, helvetica, sans-serif; font-size: 8pt;\">lunes 18\/9<\/span><\/td>\n<td style=\"border: 1px solid #000000; width: 80.0431%;\"><span style=\"font-family: arial, helvetica, sans-serif; font-size: 8pt;\">\u00a0suspendida. Pasa al 3\/10<\/span><\/td>\n<\/tr>\n<tr>\n<td style=\"border: 1px solid #000000; width: 15.9569%;\"><span style=\"font-family: arial, helvetica, sans-serif; font-size: 8pt;\">mi\u00e9rcoles 3\/10<\/span><\/td>\n<td style=\"border: 1px solid #000000; width: 80.0431%;\"><span style=\"font-size: 8pt;\"><span style=\"font-family: arial, helvetica, sans-serif;\">\u00a0&#8211; Operativo \u00abense\u00f1ar\u00bb<br \/>\n&#8211; Informaciones varias<br \/>\n<\/span><span style=\"font-family: arial, helvetica, sans-serif;\">\u00a0&#8211; notas de estudiantes Zurmuhle y Otero<br \/>\n&#8211; EDI: reformulaci\u00f3n<\/span><\/span><\/td>\n<\/tr>\n<tr>\n<td style=\"border: 1px solid #000000; width: 15.9569%;\"><span style=\"font-size: 8pt; font-family: arial, helvetica, sans-serif;\">mi\u00e9rcoles 25\/10<\/span><\/td>\n<td style=\"border: 1px solid #000000; width: 80.0431%;\"><span style=\"font-size: 8pt;\">\u00a0suspendida.<\/span><\/td>\n<\/tr>\n<tr>\n<td style=\"border: 1px solid #000000; width: 15.9569%;\"><span style=\"font-size: 8pt; font-family: arial, helvetica, sans-serif;\">viernes\u00a0<\/span><span style=\"font-size: 8pt;\"><span style=\"font-family: arial, helvetica, sans-serif;\">24\/11<\/span><\/span><\/td>\n<td style=\"border: 1px solid #000000; width: 80.0431%;\"><span style=\"font-size: 8pt;\">\u00a0Sesi\u00f3n ampliada<br \/>\nDeclaraci\u00f3n de repudio al proyecto de creaci\u00f3n de universidad anunciado por GCBA.<\/span><\/td>\n<\/tr>\n<tr>\n<td style=\"border: 1px solid #000000; width: 15.9569%;\"><span style=\"font-size: 8pt;\">\u00a0<span style=\"font-family: arial, helvetica, sans-serif;\">martes\u00a0<\/span><\/span><span style=\"font-size: 8pt; font-family: arial, helvetica, sans-serif;\">12\/12<\/span><\/td>\n<td style=\"border: 1px solid #000000; width: 80.0431%;\"><span style=\"font-size: 8pt;\">&#8211; notas de estudiantes<br \/>\n&#8211; funcionamiento interclaustro: respeto de acuerdos, el trato en la\u00a0 comunicaci\u00f3n interclaustros.<br \/>\n&#8211; tema desintegraci\u00f3n de los IFD y creaci\u00f3n Unicaba. Informaci\u00f3n CESGE.<br \/>\n&#8211; caso Otero: pedido de cursado taller EDI<br \/>\n&#8211; presentaci\u00f3n EDI (pendiente)<\/span><\/td>\n<\/tr>\n<\/tbody>\n<\/table>\n<h6>Comunicaci\u00f3n de Claustro Docente y Regencia frente a nota difamatoria del 20-12-17.<span style=\"color: #993366;\"> <a style=\"color: #993366;\" title=\"Comunicaci\u00f3n de Claustro Docente y Regencia frente a nota difamatoria del 20-12-17\" href=\"upload\/Comunicacion_de_Claustro_Docente_y_Regencia_frente_a_nota_difamatoria_del_20-12-17.pdf\" target=\"_blank\" rel=\"noopener\">Acceder<\/a><\/span><\/h6>\n","protected":false},"excerpt":{"rendered":"<p>El Consejo Directivo es el \u00f3rgano colegiado responsable del proyecto del Nivel Terciario y de la orientaci\u00f3n, asesoramiento y supervisI\u00f3n de su gesti\u00f3n (Art 38, Reglamento Org\u00e1nico de las Escuelas Normales-Res.Nro. 1316\/13). \u00bfQui\u00e9nes lo integran? El Regente; cuatro (4) representantes del claustro docente; cuatro (4) representantes del claustro estudiantil, y un (1) representante del claustro &#8230; <a title=\"Consejo Directivo\" class=\"read-more\" href=\"https:\/\/ens8-caba.infd.edu.ar\/sitio\/consejo-directivo\/\" aria-label=\"More on Consejo Directivo\">[+]<\/a><\/p>\n","protected":false},"author":1393,"featured_media":0,"parent":0,"menu_order":0,"comment_status":"closed","ping_status":"closed","template":"","meta":[],"acf":[],"_links":{"self":[{"href":"https:\/\/ens8-caba.infd.edu.ar\/sitio\/wp-json\/wp\/v2\/pages\/1228"}],"collection":[{"href":"https:\/\/ens8-caba.infd.edu.ar\/sitio\/wp-json\/wp\/v2\/pages"}],"about":[{"href":"https:\/\/ens8-caba.infd.edu.ar\/sitio\/wp-json\/wp\/v2\/types\/page"}],"author":[{"embeddable":true,"href":"https:\/\/ens8-caba.infd.edu.ar\/sitio\/wp-json\/wp\/v2\/users\/1393"}],"replies":[{"embeddable":true,"href":"https:\/\/ens8-caba.infd.edu.ar\/sitio\/wp-json\/wp\/v2\/comments?post=1228"}],"version-history":[{"count":20,"href":"https:\/\/ens8-caba.infd.edu.ar\/sitio\/wp-json\/wp\/v2\/pages\/1228\/revisions"}],"predecessor-version":[{"id":2413,"href":"https:\/\/ens8-caba.infd.edu.ar\/sitio\/wp-json\/wp\/v2\/pages\/1228\/revisions\/2413"}],"wp:attachment":[{"href":"https:\/\/ens8-caba.infd.edu.ar\/sitio\/wp-json\/wp\/v2\/media?parent=1228"}],"curies":[{"name":"wp","href":"https:\/\/api.w.org\/{rel}","templated":true}]}}