{"id":1241,"date":"2018-08-29T14:42:29","date_gmt":"2018-08-29T17:42:29","guid":{"rendered":"https:\/\/ens8-caba.infd.edu.ar\/sitio\/pases-volantes-equivalencias\/"},"modified":"2024-08-30T19:21:56","modified_gmt":"2024-08-30T22:21:56","slug":"pases-volantes-equivalencias","status":"publish","type":"page","link":"https:\/\/ens8-caba.infd.edu.ar\/sitio\/pases-volantes-equivalencias\/","title":{"rendered":"Gu\u00eda de tr\u00e1mites"},"content":{"rendered":"<div class=\"wp-block-image\">\n<figure class=\"aligncenter size-large\"><img decoding=\"async\" loading=\"lazy\" width=\"98\" height=\"70\" src=\"https:\/\/ens8-caba.infd.edu.ar\/sitio\/wp-content\/uploads\/2021\/08\/image.png\" alt=\"\" class=\"wp-image-1890\"\/><\/figure><\/div>\n\n\n<p class=\"has-text-align-center\"><strong>Escuela Normal Superior N\u00b0 8: \u00abPresidente Julio A. Roca\u00bb <\/strong><\/p>\n\n\n\n<p><\/p>\n\n\n\n<figure class=\"wp-block-table\"><table><tbody><tr><td><strong><span style=\"color:#821282\" class=\"has-inline-color\">Tr\u00e1mite\/Solicitud<\/span><\/strong><\/td><td><strong><span style=\"color:#821282\" class=\"has-inline-color\">\u00bfQu\u00e9 requisitos deben cumplirse, c\u00f3mo presentar y c\u00f3mo realizar el tr\u00e1mite?<\/span><\/strong><\/td><td><strong><span style=\"color:#821282\" class=\"has-inline-color\">\u00bfA d\u00f3nde dirigirse?<\/span><\/strong><\/td><\/tr><tr><td><strong>Constancia de Alumno Regular<\/strong><strong><\/strong><\/td><td><a rel=\"noreferrer noopener\" href=\"https:\/\/docs.google.com\/document\/d\/17v1qGCv3mc_YJYYEpy7AVevR_obgnnDb\/edit?usp=sharing&amp;ouid=110423787463488160988&amp;rtpof=true&amp;sd=true\" target=\"_blank\">Formulario N\u00ba 26<\/a>: se completa con datos personales seg\u00fan constan en el DNI y especificando ante qu\u00e9 entidad ser\u00e1 presentada (Tener en cuenta que no puede consignarse \u201cAnte quien corresponda\u201d).&nbsp;Acercarlo a la oficina de Bedel\u00eda de lunes a viernes de 14 a 17 hs y de 18 a 20 hs.<\/td><td><strong><strong>Oficina de Bedel\u00eda<\/strong><\/strong><\/td><\/tr><tr><td><strong>Programas<\/strong><strong><\/strong><\/td><td><strong>Los programas solicitados deben corresponder a instancias aprobadas en nuestra instituci\u00f3n.<\/strong><br><br>Escribir al correo de Ayudant\u00edas detallando:<br>&#8211; ASUNTO: Solicitud de Programas<br>&#8211; CUERPO: Nombre y apellido completo del solicitante, DNI del solicitante, Profesorado (PEP o PEI), Nombre del Profesor\/a, cuatrimestre y a\u00f1o de cursada. Especificar ante qu\u00e9 instituci\u00f3n ser\u00e1n presentados. <br>En 5 d\u00edas h\u00e1biles recibir\u00e1s en tu casilla de correo los Programas solicitados. Deber\u00e1s imprimirlos y entregarlos para foliar y sellar.<\/td><td> <br><br><strong><strong>ens8.ayudantias@gmail.com<\/strong><\/strong><\/td><\/tr><tr><td><strong>Ficha acad\u00e9mica<\/strong><strong><\/strong><strong>&nbsp;<\/strong><\/td><td>Es necesario ser alumno regular (No ingresante). Se debe realizar la solicitud de forma presencial en la oficina de Bedel\u00eda de lunes a viernes de 14 a 17hs y de 18 a 20hs. El tiempo de entrega es de 48 hs.&nbsp;&nbsp;&nbsp;&nbsp;<\/td><td><strong><strong>Oficina de Bedel\u00eda<\/strong><\/strong><\/td><\/tr><tr><td><strong>T\u00edtulo en tr\u00e1mite<\/strong><strong><\/strong><\/td><td>Es necesario haber rendido la \u00faltima materia. Se realiza el pedido a trav\u00e9s de un <a href=\"https:\/\/forms.gle\/nB3BVN2g91qaqL9YA\" data-type=\"URL\" data-id=\"https:\/\/forms.gle\/nB3BVN2g91qaqL9YA\" target=\"_blank\" rel=\"noreferrer noopener\">Formulario Google. <\/a>El tiempo de entrega es de 15 d\u00edas h\u00e1biles a partir de finalizada la \u00faltima fecha de las mesas de examen.&nbsp;<\/td><td><strong>ens8.titulosterciario@gmail.com<\/strong><\/td><\/tr><tr><td><strong>Alumno volante <\/strong><strong><\/strong>(para estudiantes de otras instituciones)<\/td><td>Entregar una autorizaci\u00f3n de la instituci\u00f3n de origen. Presentar la ficha acad\u00e9mica actualizada. Completar y entregar el <a rel=\"noreferrer noopener\" href=\"https:\/\/docs.google.com\/document\/d\/1RA-_316LDHa6q41vo7A6VbdgSY041ATb\/edit?usp=sharing&amp;ouid=110423787463488160988&amp;rtpof=true&amp;sd=true\" target=\"_blank\">Formulario N\u00b0 8<\/a> y el <a rel=\"noreferrer noopener\" href=\"https:\/\/docs.google.com\/document\/d\/163mKgGd-Feq-3aRwLIihDh94i-K3xXhG\/edit?usp=sharing&amp;ouid=110423787463488160988&amp;rtpof=true&amp;sd=true\" target=\"_blank\">Formulario N\u00ba 1<\/a> y fotocopia DNI en folio tama\u00f1o oficio.\u00a0<br>Si ya curs\u00f3 como volante en esta Instituci\u00f3n, presentar autorizaci\u00f3n de la Instituci\u00f3n de origen y ficha acad\u00e9mica actualizada. Completar y presentar el Formulario N\u00b0 8.<br>*El otorgamiento de la vacante est\u00e1 sujeto a la disponibilidad.\u00a0<\/td><td><strong><u><strong><strong><strong>Oficina de Bedel\u00eda<\/strong><\/strong><\/strong><\/u><\/strong><\/td><\/tr><tr><td><strong>Alumno volante&nbsp;<\/strong>(para estudiantes del Normal 8 que desean cursar en otra instituci\u00f3n)<strong>&nbsp;<\/strong><\/td><td>Completar el <a href=\"https:\/\/docs.google.com\/document\/d\/1CDtkyclE6_txBc53QkX8oQi9qBEAoSe2\/edit?usp=sharing&amp;ouid=110423787463488160988&amp;rtpof=true&amp;sd=true\" target=\"_blank\" rel=\"noreferrer noopener\">Formulario N\u00ba 7<\/a>. La Bedel\u00eda entregar\u00e1 autorizaci\u00f3n. Se pueden cursar m\u00e1ximo <em>dos materias<\/em> por cuatrimestre.<\/td><td><strong><u><strong>Oficina de Bedel\u00eda<\/strong><\/u><\/strong><strong><u><strong><\/strong><\/u><\/strong><\/td><\/tr><tr><td><strong>Certificado Anal\u00edtico<\/strong><\/td><td>Tiempo de espera: m\u00ednimo 3 meses. Se env\u00edan a la oficina de Legalizaciones. Solicitud por mail y retiro de forma presencial.&nbsp;<\/td><td><strong>ens8.titulosterciario@gmail.com<\/strong><\/td><\/tr><tr><td><strong>Constancia de examen&nbsp;<\/strong><\/td><td>Completar el <a rel=\"noreferrer noopener\" href=\"https:\/\/drive.google.com\/file\/d\/1XIWsjEtb8JKQTnglSp4g_mosdBbcx-Rd\/view?usp=sharing\" data-type=\"URL\" data-id=\"https:\/\/drive.google.com\/file\/d\/1XIWsjEtb8JKQTnglSp4g_mosdBbcx-Rd\/view?usp=sharing\" target=\"_blank\">Formulario N\u00ba 28<\/a> con los datos personales y la fecha del examen. Solicitar la firma del\/la docente.<\/td><td><strong><u><strong>Oficina de Bedel\u00eda<\/strong><\/u><\/strong><strong><u><strong><\/strong><\/u><\/strong><\/td><\/tr><tr><td><strong>Solicitud de pase<\/strong>&nbsp;(para estudiantes del Normal 8 que deseen el pase a otra instituci\u00f3n)<strong>&nbsp;<\/strong><\/td><td>Entregar en Bedel\u00eda la constancia de vacante expedida por la instituci\u00f3n de destino. Se entregar\u00e1 certificado de pase en tr\u00e1mite y ficha acad\u00e9mica.<\/td><td><strong>ens8.titulosterciario@gmail.com<\/strong><\/td><\/tr><tr><td><strong>Solicitud de pase&nbsp;<\/strong>(para estudiantes de otras instituciones que deseen el pase al Normal 8)<strong>&nbsp;<\/strong><\/td><td>Presentar una nota dirigida a la Regente del Nivel Terciario del Normal 8 solicitando vacante. A las 72 hs. se dar\u00e1 respuesta. Si se otorga la vacante se dar\u00e1 constancia de ello. Se solicitar\u00e1 certificado de pase en tr\u00e1mite de instituci\u00f3n de origen. Se solicitar\u00e1 ficha acad\u00e9mica de instituci\u00f3n de origen. Se solicitar\u00e1 fotocopia certificado de estudio, fotocopia DNI, foto 4&#215;4 color, fotocopia t\u00edtulos terciarios y\/ o universitarios y Formulario N\u00b01en folio tama\u00f1o oficio.<br>*El tr\u00e1mite se realiza antes del inicio del cuatrimestre.<\/td><td><strong><u><strong>Oficina de Bedel\u00eda<\/strong><\/u><\/strong><\/td><\/tr><tr><td><strong>Solicitud de pr\u00f3rroga de Regularidad<\/strong><strong><\/strong><\/td><td>En caso de motivo justificado que habilite excepcionalmente una solicitud de pr\u00f3rroga de la regularidad de una materia para rendir un examen final, se podr\u00e1 presentar la solicitud, dentro de los 10 d\u00edas h\u00e1biles siguientes de vencida dicha regularidad. En el caso de vencimiento de la regularidad en el turno de Diciembre, la solicitud se podr\u00e1 presentar hasta el \u00faltimo d\u00eda de las mesas de ex\u00e1menes de ese turno, dado que luego comienza el receso escolar. La solicitud debe dirigirse al Consejo Acad\u00e9mico \/ Equipo de Coordinadores de Campos y deber\u00e1 especificar:<br>&#8211; Datos del estudiante -incluido correo y\/o tel\u00e9fono-<br>&#8211; Motivo que justifique la solicitud.<br>&#8211; Materia y profesor con quien se curs\u00f3 la materia.<br>&#8211; A\u00f1o, cuatrimestre y turno de cursada,<br>&#8211; Calificaci\u00f3n obtenida. <br>La solicitud se entregar\u00e1 en bedel\u00eda, all\u00ed se le firmar\u00e1 un duplicado como comprobante de recepci\u00f3n. Por cuestiones administrativas y pedag\u00f3gicas no se recibir\u00e1 ninguna solicitud fuera del plazo establecido.\u00a0\u00a0\u00a0\u00a0\u00a0<\/td><td><strong><u><strong>Oficina de Bedel\u00eda<\/strong><\/u><\/strong><strong><u><strong><\/strong><\/u><\/strong><\/td><\/tr><tr><td><strong>Equivalencias<\/strong><strong><\/strong><\/td><td>~<em>Equivalencia externa<\/em>. Presentar planilla de \u00abSolicitud de equivalencia\u00bb-&nbsp;<a href=\"https:\/\/docs.google.com\/document\/d\/1-wxGvSEaFbpGTJSClReSBJ8BXP4mLeBh\/edit?usp=sharing&amp;ouid=110423787463488160988&amp;rtpof=true&amp;sd=true\" target=\"_blank\" rel=\"noreferrer noopener\">Formulario N\u00b0 30<\/a>\u2013 completa.&nbsp;Anexar a la planilla, los programas foliados, sellados y firmados por autoridad de la instituci\u00f3n de la que proviene. Finalizado el proceso de evaluaci\u00f3n del pedido, se convocar\u00e1 al alumno para notificarse del resultado.<em>&nbsp;<\/em><br>~<em>Pedido de equivalencia por alumno con t\u00edtulo docente de CABA<\/em>. Presentar una nota&nbsp;dirigida a la Regente de Nivel Terciario solicitando las equivalencias que correspondiesen y detallando el t\u00edtulo obtenido y los datos personales.&nbsp;&nbsp;<\/td><td><strong><u><strong>Oficina de Bedel\u00eda<\/strong><\/u><\/strong><strong><u><strong><\/strong><\/u><\/strong><\/td><\/tr><tr><td><strong>Constancia de porcentaje de materias aprobadas<\/strong><strong><\/strong><\/td><td>Completar y presentar el <a rel=\"noreferrer noopener\" href=\"https:\/\/docs.google.com\/document\/d\/1jfUexbE7LwV0dwreNYG60BH2Nws-csl2\/edit?usp=sharing&amp;ouid=110423787463488160988&amp;rtpof=true&amp;sd=true\" target=\"_blank\">Formulario N\u00ba 32<\/a>. El tiempo de entrega ser\u00e1 de 5 d\u00edas h\u00e1biles o 15 desde la \u00faltima fecha de ex\u00e1menes para que est\u00e9 completa.&nbsp;<\/td><td><strong><u><strong>Oficina de Bedel\u00eda<\/strong><\/u><\/strong><\/td><\/tr><tr><td><strong>Campus Virtual<\/strong> <strong>y Aulas Virtuales<\/strong><\/td><td>Por cuestiones de acceso al Campus Virtual y Aulas Virtuales dirigirse a Ayudant\u00edas de Trabajos Pr\u00e1cticos. <\/td><td><strong><strong>ens8.ayudantias@gmail.com<\/strong><\/strong><\/td><\/tr><tr><td><\/td><td><\/td><td><\/td><\/tr><\/tbody><\/table><figcaption class=\"wp-element-caption\"><strong>Mail de consulta Bedel\u00eda: ens8.terciario@gmail.com<\/strong><\/figcaption><\/figure>\n","protected":false},"excerpt":{"rendered":"<p>Escuela Normal Superior N\u00b0 8: \u00abPresidente Julio A. Roca\u00bb Tr\u00e1mite\/Solicitud \u00bfQu\u00e9 requisitos deben cumplirse, c\u00f3mo presentar y c\u00f3mo realizar el tr\u00e1mite? \u00bfA d\u00f3nde dirigirse? Constancia de Alumno Regular Formulario N\u00ba 26: se completa con datos personales seg\u00fan constan en el DNI y especificando ante qu\u00e9 entidad ser\u00e1 presentada (Tener en cuenta que no puede consignarse &#8230; <a title=\"Gu\u00eda de tr\u00e1mites\" class=\"read-more\" href=\"https:\/\/ens8-caba.infd.edu.ar\/sitio\/pases-volantes-equivalencias\/\" aria-label=\"More on Gu\u00eda de tr\u00e1mites\">[+]<\/a><\/p>\n","protected":false},"author":1389,"featured_media":0,"parent":0,"menu_order":0,"comment_status":"closed","ping_status":"closed","template":"","meta":[],"acf":[],"_links":{"self":[{"href":"https:\/\/ens8-caba.infd.edu.ar\/sitio\/wp-json\/wp\/v2\/pages\/1241"}],"collection":[{"href":"https:\/\/ens8-caba.infd.edu.ar\/sitio\/wp-json\/wp\/v2\/pages"}],"about":[{"href":"https:\/\/ens8-caba.infd.edu.ar\/sitio\/wp-json\/wp\/v2\/types\/page"}],"author":[{"embeddable":true,"href":"https:\/\/ens8-caba.infd.edu.ar\/sitio\/wp-json\/wp\/v2\/users\/1389"}],"replies":[{"embeddable":true,"href":"https:\/\/ens8-caba.infd.edu.ar\/sitio\/wp-json\/wp\/v2\/comments?post=1241"}],"version-history":[{"count":13,"href":"https:\/\/ens8-caba.infd.edu.ar\/sitio\/wp-json\/wp\/v2\/pages\/1241\/revisions"}],"predecessor-version":[{"id":2733,"href":"https:\/\/ens8-caba.infd.edu.ar\/sitio\/wp-json\/wp\/v2\/pages\/1241\/revisions\/2733"}],"wp:attachment":[{"href":"https:\/\/ens8-caba.infd.edu.ar\/sitio\/wp-json\/wp\/v2\/media?parent=1241"}],"curies":[{"name":"wp","href":"https:\/\/api.w.org\/{rel}","templated":true}]}}