{"id":1252,"date":"2018-08-29T14:42:34","date_gmt":"2018-08-29T17:42:34","guid":{"rendered":"https:\/\/ens8-caba.infd.edu.ar\/sitio\/tutoria-2\/"},"modified":"2026-03-18T15:31:04","modified_gmt":"2026-03-18T18:31:04","slug":"tutoria-2","status":"publish","type":"page","link":"https:\/\/ens8-caba.infd.edu.ar\/sitio\/tutoria-2\/","title":{"rendered":"Espacio de Tutor\u00eda"},"content":{"rendered":"<p><span style=\"font-size: 8pt;\"><span style=\"font-family: verdana, geneva;\"><strong><span style=\"color: #993366;\">Tutores<\/span><\/strong>: Prof. Anal\u00eda Fern\u00e1ndez \/ Prof. Mat\u00edas Gomar<\/span><\/span><\/p>\n<p><span style=\"font-family: verdana, geneva; font-size: 8pt;\"><strong><span style=\"color: #993366;\">D\u00edas y horarios<\/span><\/strong>: a convenir por mail<\/span><\/p>\n<p><span style=\"font-family: verdana, geneva; font-size: 8pt;\"><strong><span style=\"color: #993366;\">Mail de contacto<\/span><\/strong>: tutoriasnormal8@gmail.com&nbsp;<\/span><\/p>\n<p><span style=\"font-family: verdana, geneva; font-size: 8pt;\">*Pueden contactarse tambi\u00e9n a trav\u00e9s del <span style=\"color: #3366ff;\"><strong><a href=\"https:\/\/ens8-caba.infd.edu.ar\/aula\/acceso.cgi\"><span style=\"color: #3366ff;\">aula virtual <\/span><\/a><\/strong><\/span>de tutor\u00eda<\/span><\/p>\n<hr>\n<p><span style=\"font-family: verdana, geneva; font-size: 8pt;\"><em>\u00bfDe qu\u00e9 se trata el espacio de TUTOR\u00cdA?<\/em><\/span><\/p>\n<p><span style=\"font-family: verdana, geneva; font-size: 8pt;\">El espacio de Tutor\u00eda&nbsp;es un espacio&nbsp; institucional &nbsp;dentro del cual nos proponemos: favorecer &nbsp;la comunicaci\u00f3n, el encuentro y la conformaci\u00f3n de una trama de&nbsp; v\u00ednculos entre los distintos actores institucionales (estudiantes, profesores, regencia, coordinaciones de cada campo formativo).<\/span><\/p>\n<p><span style=\"font-family: verdana, geneva; font-size: 8pt;\">El&nbsp; objetivo es fortalecer el trabajo en equipo para acompa\u00f1ar y fortalecer a los estudiantes en sus recorridos acad\u00e9micos y en la construcci\u00f3n de un posicionamiento singular en su rol docente.<\/span><br \/>\n<span style=\"font-family: verdana, geneva; font-size: 8pt;\"> Se atender\u00e1n las distintas situaciones que se vayan sucediendo durante el cuatrimestre para coordinar la puesta en marcha de acciones que intervengan con propuestas sobre esas problem\u00e1ticas.<\/span><\/p>\n<p><span style=\"font-family: verdana, geneva; font-size: 8pt;\">&nbsp;<\/span><\/p>\n<p><span style=\"font-family: verdana, geneva; font-size: 8pt;\"><em>&nbsp;Prop\u00f3sitos del espacio de TUTOR\u00cdA<\/em><\/span><\/p>\n<ul>\n<li><span style=\"font-family: verdana, geneva; font-size: 8pt;\">Orientaci\u00f3n en la instancia de inscripci\u00f3n de materias, talleres y seminarios.<\/span><\/li>\n<li><span style=\"font-family: verdana, geneva; font-size: 8pt;\">Acompa\u00f1amiento a los ingresantes durante el curso de ingreso.<\/span><\/li>\n<li><span style=\"font-family: verdana, geneva; font-size: 8pt;\">Acompa\u00f1amiento acad\u00e9mico centrado en la organizaci\u00f3n del tiempo de estudio y problemas de lectura y escritura.<\/span><\/li>\n<li><span style=\"font-family: verdana, geneva; font-size: 8pt;\">Informaci\u00f3n sobre becas e incentivos econ\u00f3micos disponibles, as\u00ed como sobre actividades de inter\u00e9s cultural.<\/span><\/li>\n<li><span style=\"font-family: verdana, geneva; font-size: 8pt;\">Consulta, orientaci\u00f3n y apoyo a las alumnas y alumnos cuyas circunstancias personales puedan incidir en el abandono de la carrera, o bien en una disminuci\u00f3n marcada de su desempe\u00f1o.<\/span><\/li>\n<li><span style=\"font-family: verdana, geneva; font-size: 8pt;\">Recopilaci\u00f3n de informaci\u00f3n sobre las trayectorias educativas de las alumnas y alumnos del profesorado, a fin de identificar, contextualizar y jerarquizar las problem\u00e1ticas compartidas.<\/span><\/li>\n<\/ul>\n<p class=\"ListParagraph\"><span style=\"font-family: verdana, geneva; font-size: 8pt;\">&nbsp;<\/span><\/p>\n<p><span style=\"font-family: verdana, geneva; font-size: 8pt;\">&nbsp;<\/span><\/p>\n<p><span style=\"font-family: arial, helvetica, sans-serif; font-size: 8pt;\">&nbsp;<\/span><\/p>\n<p><span style=\"font-family: arial, helvetica, sans-serif; font-size: 8pt;\"><em>&nbsp;<\/em><\/span><\/p>\n","protected":false},"excerpt":{"rendered":"<p>Tutores: Prof. Anal\u00eda Fern\u00e1ndez \/ Prof. Mat\u00edas Gomar D\u00edas y horarios: a convenir por mail Mail de contacto: tutoriasnormal8@gmail.com&nbsp; *Pueden contactarse tambi\u00e9n a trav\u00e9s del aula virtual de tutor\u00eda \u00bfDe qu\u00e9 se trata el espacio de TUTOR\u00cdA? El espacio de Tutor\u00eda&nbsp;es un espacio&nbsp; institucional &nbsp;dentro del cual nos proponemos: favorecer &nbsp;la comunicaci\u00f3n, el encuentro y &#8230; <a title=\"Espacio de Tutor\u00eda\" class=\"read-more\" href=\"https:\/\/ens8-caba.infd.edu.ar\/sitio\/tutoria-2\/\" aria-label=\"More on Espacio de Tutor\u00eda\">[+]<\/a><\/p>\n","protected":false},"author":1393,"featured_media":0,"parent":0,"menu_order":0,"comment_status":"closed","ping_status":"closed","template":"","meta":[],"acf":[],"_links":{"self":[{"href":"https:\/\/ens8-caba.infd.edu.ar\/sitio\/wp-json\/wp\/v2\/pages\/1252"}],"collection":[{"href":"https:\/\/ens8-caba.infd.edu.ar\/sitio\/wp-json\/wp\/v2\/pages"}],"about":[{"href":"https:\/\/ens8-caba.infd.edu.ar\/sitio\/wp-json\/wp\/v2\/types\/page"}],"author":[{"embeddable":true,"href":"https:\/\/ens8-caba.infd.edu.ar\/sitio\/wp-json\/wp\/v2\/users\/1393"}],"replies":[{"embeddable":true,"href":"https:\/\/ens8-caba.infd.edu.ar\/sitio\/wp-json\/wp\/v2\/comments?post=1252"}],"version-history":[{"count":5,"href":"https:\/\/ens8-caba.infd.edu.ar\/sitio\/wp-json\/wp\/v2\/pages\/1252\/revisions"}],"predecessor-version":[{"id":2985,"href":"https:\/\/ens8-caba.infd.edu.ar\/sitio\/wp-json\/wp\/v2\/pages\/1252\/revisions\/2985"}],"wp:attachment":[{"href":"https:\/\/ens8-caba.infd.edu.ar\/sitio\/wp-json\/wp\/v2\/media?parent=1252"}],"curies":[{"name":"wp","href":"https:\/\/api.w.org\/{rel}","templated":true}]}}