{"id":1262,"date":"2018-08-29T14:42:38","date_gmt":"2018-08-29T17:42:38","guid":{"rendered":"https:\/\/ens8-caba.infd.edu.ar\/sitio\/equipo-de-coordinadores\/"},"modified":"2025-08-04T18:35:18","modified_gmt":"2025-08-04T21:35:18","slug":"equipo-de-coordinadores","status":"publish","type":"page","link":"https:\/\/ens8-caba.infd.edu.ar\/sitio\/equipo-de-coordinadores\/","title":{"rendered":"Equipo de Coordinadoras"},"content":{"rendered":"<h4><strong><span style=\"color: #cc99ff;\">Coordinaciones<\/span><\/strong><\/h4>\n<p><span style=\"font-size: 8pt; color: #993366;\"><strong><span style=\"font-family: verdana, geneva;\"><em>Campo de la Formaci\u00f3n General<\/em><\/span><\/strong><\/span><\/p>\n<p><span style=\"font-size: 8pt;\"><span style=\"font-family: verdana, geneva;\"><span style=\"color: #000000;\"><strong>Susana Schoo <\/strong><\/span><\/span><\/span><\/p>\n<p><span style=\"font-size: 8pt;\"><span style=\"font-family: verdana, geneva;\"><span style=\"color: #000000;\"><strong>Mar\u00eda de la Paz Garberoglio\u00a0<\/strong><\/span><\/span><\/span><\/p>\n<hr \/>\n<p><strong><span style=\"font-size: 8pt; font-family: verdana, geneva;\"><span style=\"color: #993366;\"><em>Campo de la Formaci\u00f3n Espec\u00edfica &#8211; Profesorado de Educaci\u00f3n Inicial<\/em><\/span><\/span><\/strong><\/p>\n<p><span style=\"font-size: 8pt;\"><span style=\"font-family: verdana, geneva;\"><strong>Vanina Orione<\/strong><\/span><\/span><\/p>\n<p><span style=\"font-size: 8pt;\"><span style=\"font-family: verdana, geneva;\"><strong>Carina Romero<\/strong><\/span><\/span><\/p>\n<p><span id=\"yui_3_16_0_1_1450693647923_4904\" style=\"color: #000000;\"><\/span><span style=\"font-size: 8pt; font-family: verdana, geneva;\"><span id=\"yui_3_16_0_1_1450693647923_4904\" style=\"color: #000000;\">contacto: coordinacioninicialens8@gmail.com<\/span><\/span><\/p>\n<hr \/>\n<h5><strong><span style=\"font-size: 8pt; font-family: verdana, geneva; color: #993366;\"><em>Campo de la Formaci\u00f3n en las Pr\u00e1cticas Profesionales &#8211; Profesorado de Educaci\u00f3n Inicial<\/em><\/span><\/strong><\/h5>\n<p><span style=\"font-size: 8pt;\"><span style=\"font-family: verdana, geneva;\"><strong>Karina Marzoa<\/strong><\/span><span style=\"font-family: verdana, geneva;\"><br \/><\/span><span style=\"font-family: verdana, geneva;\">contacto: karinamarzoa@yahoo.com.ar<\/span><\/span><\/p>\n<p><span style=\"font-size: 8pt;\"><span style=\"font-family: verdana, geneva;\"><strong>Soledad Llamazares<\/strong><\/span><\/span><\/p>\n<hr \/>\n<h4><strong><span style=\"font-size: 8pt; font-family: verdana, geneva;\"><span style=\"font-family: verdana, geneva;\"><span style=\"color: #993366;\"><em>Campo de la Formaci\u00f3n Espec\u00edfica &#8211; Profesorado de Educaci\u00f3n Primaria<\/em><\/span><br \/><\/span><\/span><span style=\"font-size: 8pt;\">Malka Hancevich<\/span><\/strong><\/h4>\n<div><strong><span style=\"font-size: 8pt;\">Trinidad Haedo<\/span><\/strong><\/div>\n<div>\u00a0<\/div>\n<div><span style=\"font-family: verdana, geneva; font-size: 8pt;\">contacto: pep.cfe.ens8@gmail.com<\/span><\/div>\n<div>\u00a0<\/div>\n<div><hr \/><\/div>\n<h5><span style=\"font-size: 8pt;\"><span style=\"font-family: verdana, geneva;\"><span style=\"font-family: verdana, geneva;\"><strong><span style=\"color: #993366;\"><em>Campo de la Formaci\u00f3n en las Pr\u00e1cticas Profesionales &#8211; Profesorado de Educaci\u00f3n Primaria<\/em><\/span><\/strong><br \/><\/span><\/span><\/span><b><\/b><\/h5>\n<h5><strong><span style=\"font-size: 8pt;\">Vanesa Su\u00e1rez\u00a0 <\/span><\/strong><\/h5>\n<p><span style=\"font-family: verdana, geneva; font-size: 8pt;\">vanesalaurasuarez@gmail.com<\/span><\/p>\n<p><strong><span style=\"font-size: 8pt;\">Cecilia Rold\u00e1n<\/span><\/strong><\/p>\n<div><span style=\"font-family: verdana, geneva; font-size: 8pt;\"><span style=\"color: #000000;\">mcroldan80@gmail.com<\/span><\/span><\/div>\n<div>\u00a0<\/div>\n<p>\u00a0<\/p>\n\n\n<p><\/p>\n","protected":false},"excerpt":{"rendered":"<p>Coordinaciones Campo de la Formaci\u00f3n General Susana Schoo Mar\u00eda de la Paz Garberoglio\u00a0 Campo de la Formaci\u00f3n Espec\u00edfica &#8211; Profesorado de Educaci\u00f3n Inicial Vanina Orione Carina Romero contacto: coordinacioninicialens8@gmail.com Campo de la Formaci\u00f3n en las Pr\u00e1cticas Profesionales &#8211; Profesorado de Educaci\u00f3n Inicial Karina Marzoacontacto: karinamarzoa@yahoo.com.ar Soledad Llamazares Campo de la Formaci\u00f3n Espec\u00edfica &#8211; Profesorado de &#8230; <a title=\"Equipo de Coordinadoras\" class=\"read-more\" href=\"https:\/\/ens8-caba.infd.edu.ar\/sitio\/equipo-de-coordinadores\/\" aria-label=\"More on Equipo de Coordinadoras\">[+]<\/a><\/p>\n","protected":false},"author":1389,"featured_media":0,"parent":0,"menu_order":0,"comment_status":"closed","ping_status":"closed","template":"","meta":[],"acf":[],"_links":{"self":[{"href":"https:\/\/ens8-caba.infd.edu.ar\/sitio\/wp-json\/wp\/v2\/pages\/1262"}],"collection":[{"href":"https:\/\/ens8-caba.infd.edu.ar\/sitio\/wp-json\/wp\/v2\/pages"}],"about":[{"href":"https:\/\/ens8-caba.infd.edu.ar\/sitio\/wp-json\/wp\/v2\/types\/page"}],"author":[{"embeddable":true,"href":"https:\/\/ens8-caba.infd.edu.ar\/sitio\/wp-json\/wp\/v2\/users\/1389"}],"replies":[{"embeddable":true,"href":"https:\/\/ens8-caba.infd.edu.ar\/sitio\/wp-json\/wp\/v2\/comments?post=1262"}],"version-history":[{"count":27,"href":"https:\/\/ens8-caba.infd.edu.ar\/sitio\/wp-json\/wp\/v2\/pages\/1262\/revisions"}],"predecessor-version":[{"id":2884,"href":"https:\/\/ens8-caba.infd.edu.ar\/sitio\/wp-json\/wp\/v2\/pages\/1262\/revisions\/2884"}],"wp:attachment":[{"href":"https:\/\/ens8-caba.infd.edu.ar\/sitio\/wp-json\/wp\/v2\/media?parent=1262"}],"curies":[{"name":"wp","href":"https:\/\/api.w.org\/{rel}","templated":true}]}}