{"id":1280,"date":"2018-08-29T14:42:43","date_gmt":"2018-08-29T17:42:43","guid":{"rendered":"https:\/\/ens8-caba.infd.edu.ar\/sitio\/plan-de-trabajo-institucional-2017\/"},"modified":"2023-05-03T15:51:51","modified_gmt":"2023-05-03T18:51:51","slug":"plan-de-trabajo-institucional-2017","status":"publish","type":"page","link":"https:\/\/ens8-caba.infd.edu.ar\/sitio\/plan-de-trabajo-institucional-2017\/","title":{"rendered":"Plan de Trabajo Institucional 2017"},"content":{"rendered":"<p>&nbsp;<\/p>\n<p><span style=\"font-size: 10pt;\"><strong><span style=\"font-family: arial, helvetica, sans-serif;\">Continuidad del PTI del a\u00f1o 2016&nbsp;<\/span><br \/>\n<\/strong><\/span><span style=\"font-size: 10pt; font-family: arial, helvetica, sans-serif;\">La regencia junto con los coordinadores de los campos y los niveles inicial y primario decidieron&nbsp;continuar el trabajo de articulaci\u00f3n entre niveles&nbsp;en el presente&nbsp;a\u00f1o.<\/span><\/p>\n<div dir=\"ltr\"><span style=\"color: #000000;\"><strong><span style=\"font-size: 10pt; font-family: arial, helvetica, sans-serif;\"><strong id=\"yiv0647324541yui_3_16_0_ym19_1_1490235139705_108651\"><span id=\"yiv0647324541yui_3_16_0_ym19_1_1490235139705_108650\">Jornadas de la Memoria<\/span><span>&nbsp;<\/span><\/strong><strong id=\"yiv0647324541yui_3_16_0_ym19_1_1490235139705_108735\"><span id=\"yiv0647324541yui_3_16_0_ym19_1_1490235139705_108734\">del 27 al 31 de marzo<\/span><\/strong><\/span><\/strong><\/span><\/div>\n<div dir=\"ltr\"><span style=\"font-size: 10pt; font-family: arial, helvetica, sans-serif;\">En los distintos espacios curriculares&nbsp;se desarrollaron propuestas de actividades para abonar a la&nbsp;construcci\u00f3n y mantenimiento de la memoria colectiva.<\/span><br \/>\n<span style=\"font-size: 10pt; font-family: arial, helvetica, sans-serif;\">Tambi\u00e9n se realizaron actividades espec\u00edficas:<\/span><\/p>\n<p><span style=\"font-size: 10pt; font-family: arial, helvetica, sans-serif;\" lang=\"ES-AR\">-Confecci\u00f3n de siluetas aleg\u00f3ricas a los cuerpos detenidos desaparecidos durante la dictadura.<\/span><\/p>\n<p><span style=\"font-size: 10pt; font-family: arial, helvetica, sans-serif;\" lang=\"ES-AR\">-Programa \u201cAbuel@s Relator@s por la Memoria, la Identidad y la Inclusi\u00f3n Social\u201d, que crea espacios de intercambio intergeneracional de lectura, narraci\u00f3n y teatro en los que se problematiza la historia reciente de nuestro pa\u00eds.<\/span><\/p>\n<\/div>\n<div dir=\"ltr\"><span style=\"font-size: 10pt; font-family: arial, helvetica, sans-serif;\"><strong>Proyecto de la juegoteca<br \/>\n<\/strong>Contin\u00faa su&nbsp;desarrollo desde las c\u00e1tedras de \u00ab<em>Juego en la EI<\/em>\u00bb y \u00ab<em>Taller de Juego<\/em>\u00ab.&nbsp;<\/span><\/div>\n<p><span style=\"font-family: arial, helvetica, sans-serif; font-size: 10pt;\"><strong id=\"yiv8186822892yui_3_16_0_ym19_1_1508769769485_28947\"><span id=\"yiv8186822892yui_3_16_0_ym19_1_1508769769485_28946\" style=\"color: #9c005c;\"><span style=\"background-color: #ffffff; color: #000000;\">Derecho a la Identidad<\/span><br \/>\n<\/span><\/strong><\/span><span style=\"font-family: arial, helvetica, sans-serif; font-size: 10pt; color: #000000;\">Este a\u00f1o, dando continuidad al trabajo iniciado el a\u00f1o pasado en ocasi\u00f3n de cumplirse 40 a\u00f1os del \u00faltimo golpe c\u00edvico-militar, se propuso un&nbsp;<span id=\"yiv8186822892yui_3_16_0_ym19_1_1508769769485_28946\">trabajo con la Asociaci\u00f3n Abuelas en torno al Derecho a la Identidad.<\/span><strong><span id=\"yiv8186822892yui_3_16_0_ym19_1_1508769769485_28946\">&nbsp;<\/span><\/strong>Desde distintas c\u00e1tedras del \u00e1rea de las ciencias sociales se&nbsp;han&nbsp;llevado a cabo&nbsp;<span id=\"yiv8186822892yui_3_16_0_ym19_1_1508769769485_28944\">propuestas did\u00e1cticas junto a los niveles inicial y primario para trabajar con los ni\u00f1os el Derecho a la Identidad en el contexto hist\u00f3rico y pol\u00edtico que le otorga sentido en nuestro pa\u00eds<\/span>.&nbsp;<\/span><\/p>\n<p><span style=\"font-family: arial, helvetica, sans-serif; font-size: 10pt;\"><strong>Jornadas de la Memoria<br \/>\n<\/strong>El Colectivo Art\u00edstico Trama realiz\u00f3 su intervenci\u00f3n \u201cClamor Fundamental\u201d, interpretando textos de Eduardo Galeano, Juan Gelman y Rodolfo Walsh, y m\u00fasica de Violeta Parra y Le\u00f3n Gieco, entre otros.<\/span><\/p>\n<div id=\"yiv8178315524yui_3_16_0_ym19_1_1506112831397_11642\" dir=\"ltr\"><span style=\"color: #000000;\"><strong><span id=\"yiv8178315524yui_3_16_0_ym19_1_1506112831397_11644\"><span id=\"yiv8178315524yui_3_16_0_ym19_1_1506112831397_11645\"><span id=\"yiv8178315524yui_3_16_0_ym19_1_1506112831397_11645\">J<\/span><\/span><\/span><\/strong><strong id=\"yiv8178315524yui_3_16_0_ym19_1_1506112831397_11643\"><span id=\"yiv8178315524yui_3_16_0_ym19_1_1506112831397_11644\"><span id=\"yiv8178315524yui_3_16_0_ym19_1_1506112831397_11645\"><span id=\"yiv8178315524yui_3_16_0_ym19_1_1506112831397_11645\"><span style=\"font-size: 10pt; font-family: arial, helvetica, sans-serif;\">ornada institucional: E<\/span><\/span><span style=\"font-size: 10pt; font-family: arial, helvetica, sans-serif;\">SI, contenidos tr<\/span><\/span><\/span><\/strong><\/span><span style=\"color: #000000;\"><strong id=\"yiv8178315524yui_3_16_0_ym19_1_1506112831397_11643\"><span id=\"yiv8178315524yui_3_16_0_ym19_1_1506112831397_11644\"><span id=\"yiv8178315524yui_3_16_0_ym19_1_1506112831397_11645\"><span style=\"font-size: 10pt; font-family: arial, helvetica, sans-serif;\">ansversales<\/span><\/span><\/span><\/strong><\/span><\/div>\n<div id=\"yiv8178315524yui_3_16_0_ym19_1_1506112831397_11647\" dir=\"ltr\">\n<div id=\"yiv8178315524yui_3_16_0_ym19_1_1506112831397_11648\" dir=\"ltr\"><span style=\"font-size: 10pt; font-family: arial, helvetica, sans-serif; color: #000000;\"><span id=\"yiv8178315524yui_3_16_0_ym19_1_1506112831397_11650\" lang=\"ES\"><span id=\"yiv8178315524yui_3_16_0_ym19_1_1506112831397_11651\">En la jornada, a cargo de la profesora Paula Bilder, s<\/span><\/span><span id=\"yiv8178315524yui_3_16_0_ym19_1_1506112831397_11653\"><span id=\"yiv8178315524yui_3_16_0_ym19_1_1506112831397_11654\" lang=\"ES\"><span id=\"yiv8178315524yui_3_16_0_ym19_1_1506112831397_11655\">e present\u00f3 la normativa que encuadra la ense\u00f1anza de la Educaci\u00f3n Sexual Integral en las escuelas y el enfoque actual. La idea es que<\/span><\/span><\/span><span id=\"yiv8178315524yui_3_16_0_ym19_1_1506112831397_11657\"><span id=\"yiv8178315524yui_3_16_0_ym19_1_1506112831397_11658\" lang=\"ES\"><span id=\"yiv8178315524yui_3_16_0_ym19_1_1506112831397_11659\">&nbsp;los&nbsp;<span id=\"yiv8178315524yui_3_16_0_ym19_1_1506112831397_11661\">contenidos de ESI se incluyan<\/span>&nbsp;de manera transversal&nbsp;<span id=\"yiv8178315524yui_3_16_0_ym19_1_1506112831397_11663\">en los programas<\/span>&nbsp;de cualquier instancia curricular del Plan de estudios de las carreras de profesorado de educaci\u00f3n Inicial y de Educacion Primaria.<\/p>\n<p><\/span><\/span><\/span><\/span><\/div>\n<div id=\"yiv8178315524yui_3_16_0_ym19_1_1506112831397_11664\" dir=\"ltr\"><span style=\"font-size: 10pt; font-family: arial, helvetica, sans-serif; color: #000000;\"><strong><span id=\"yiv8178315524yui_3_16_0_ym19_1_1506112831397_11665\"><span id=\"yiv8178315524yui_3_16_0_ym19_1_1506112831397_11666\" lang=\"ES\"><span id=\"yiv8178315524yui_3_16_0_ym19_1_1506112831397_11667\"><span id=\"yiv8178315524yui_3_16_0_ym19_1_1506112831397_11669\">J<\/span><span id=\"yiv8178315524yui_3_16_0_ym19_1_1506112831397_11671\">ornada sobre&nbsp;<\/span><\/span><\/span><\/span><\/strong><span id=\"yiv8178315524yui_3_16_0_ym19_1_1506112831397_11672\" lang=\"ES\"><strong><span id=\"yiv8178315524yui_3_16_0_ym19_1_1506112831397_11674\">Violencia de g\u00e9nero<br \/>\n<\/span><\/strong>A cargo de la profesora Lapegna la jornada se realiz\u00f3 de manera desdoblada para los estudiantes de turno tarde y vespertino.<\/p>\n<p><\/span><\/span><\/div>\n<div dir=\"ltr\">\n<p><strong><span style=\"font-size: 10pt; font-family: arial, helvetica, sans-serif;\">Clases p\u00fablicas<br \/>\n<\/span><\/strong><span style=\"font-size: 10pt; font-family: arial, helvetica, sans-serif;\">-En abril se realiz\u00f3 una jornada acerca del <em>Rol de Estado en materia educativa en los \u00faltimos 40 a\u00f1os<\/em>&nbsp;con el fin de desarticular discursos falsos y ofrecer informaci\u00f3n confiable sobre el conflicto de la paritaria docente.<\/span><\/p>\n<p><span style=\"font-size: 10pt; font-family: arial, helvetica, sans-serif;\">-El 17 de octubre se realiz\u00f3 la jornada con estudiantes y profesores de socializaci\u00f3n y discusi\u00f3n acerca de:<em> La evaluaci\u00f3n diagn\u00f3stica de los estudiantes del \u00faltimo a\u00f1o de la formaci\u00f3n docente<\/em>.<\/span><\/p>\n<p><span style=\"font-size: 10pt; font-family: arial, helvetica, sans-serif; color: #000000;\"><span lang=\"ES\"><br \/>\n<\/span><\/span><\/p>\n<\/div>\n<div dir=\"ltr\">\n<div id=\"yiv1694195839yui_3_16_0_ym19_1_1506292838262_161216\" dir=\"ltr\"><span style=\"font-size: 10pt; font-family: arial, helvetica, sans-serif;\"><strong><span id=\"yiv1694195839yui_3_16_0_ym19_1_1506292838262_161217\">Viaje al Tr\u00edptico de la Infancia de Rosario. Proyecto de articulaci\u00f3n con el Nivel Primario<\/span><\/strong><\/span><\/div>\n<div dir=\"ltr\"><span id=\"yiv1694195839yui_3_16_0_ym19_1_1506292838262_161217\" style=\"font-size: 10pt; font-family: arial, helvetica, sans-serif;\"><span id=\"yiv1694195839yui_3_16_0_ym19_1_1506292838262_161223\"><span id=\"yiv1694195839yui_3_16_0_ym19_1_1506292838262_161225\"><span id=\"yiv1694195839yui_3_16_0_ym19_1_1506292838262_161226\">La propuesta<\/span><\/span>&nbsp;est\u00e1 profundamente<\/span>&nbsp;<span id=\"yiv1694195839yui_3_16_0_ym19_1_1506292838262_161227\"><span id=\"yiv1694195839yui_3_16_0_ym19_1_1506292838262_161228\">vinculada&nbsp;<\/span><\/span><span id=\"yiv1694195839yui_3_16_0_ym19_1_1506292838262_161229\">con el desempe\u00f1o del rol docente y&nbsp;<\/span><span id=\"yiv1694195839yui_3_16_0_ym19_1_1506292838262_161230\">con las pr\u00e1cticas de ense\u00f1anza. Tiene por prop\u00f3sito&nbsp;dar&nbsp;<\/span>continuidad a los proyectos que incluyeron los viajes al&nbsp;<span id=\"yiv1694195839yui_3_16_0_ym19_1_1506292838262_161218\"><span id=\"yiv1694195839yui_3_16_0_ym19_1_1506292838262_161219\">Tr\u00edptico de la Infancia<\/span><\/span>&nbsp;en los a\u00f1os 2013 y 2015.&nbsp;<\/span><\/div>\n<div id=\"yiv1694195839yui_3_16_0_ym19_1_1506292838262_161220\" dir=\"ltr\"><span style=\"font-size: 10pt; font-family: arial, helvetica, sans-serif;\">En la primera ocasi\u00f3n viaj\u00f3 el Nivel Terciario, en la segunda ocasi\u00f3n&nbsp;se invit\u00f3&nbsp;a las maestras y directoras de los Niveles Inicial y Primario y&nbsp;<span id=\"yiv1694195839yui_3_16_0_ym19_1_1506292838262_161221\">en esta oportunidad se&nbsp;realiz\u00f3 un viaje articulado entre niveles los d\u00edas 10 y 11 de noviembre que incluy\u00f3 a ni\u00f1@s de la escuela primaria&nbsp;<\/span><span id=\"yiv1694195839yui_3_16_0_ym19_1_1506292838262_161223\"><span id=\"yiv1694195839yui_3_16_0_ym19_1_1506292838262_161225\"><span id=\"yiv1694195839yui_3_16_0_ym19_1_1506292838262_161226\">de 5\u00b0 grado de nuestra escuela.<\/span><\/span><\/span><\/span><\/div>\n<\/div>\n<\/div>\n","protected":false},"excerpt":{"rendered":"<p>&nbsp; Continuidad del PTI del a\u00f1o 2016&nbsp; La regencia junto con los coordinadores de los campos y los niveles inicial y primario decidieron&nbsp;continuar el trabajo de articulaci\u00f3n entre niveles&nbsp;en el presente&nbsp;a\u00f1o. Jornadas de la Memoria&nbsp;del 27 al 31 de marzo En los distintos espacios curriculares&nbsp;se desarrollaron propuestas de actividades para abonar a la&nbsp;construcci\u00f3n y mantenimiento &#8230; <a title=\"Plan de Trabajo Institucional 2017\" class=\"read-more\" href=\"https:\/\/ens8-caba.infd.edu.ar\/sitio\/plan-de-trabajo-institucional-2017\/\" aria-label=\"More on Plan de Trabajo Institucional 2017\">[+]<\/a><\/p>\n","protected":false},"author":1393,"featured_media":0,"parent":0,"menu_order":0,"comment_status":"closed","ping_status":"closed","template":"","meta":[],"acf":[],"_links":{"self":[{"href":"https:\/\/ens8-caba.infd.edu.ar\/sitio\/wp-json\/wp\/v2\/pages\/1280"}],"collection":[{"href":"https:\/\/ens8-caba.infd.edu.ar\/sitio\/wp-json\/wp\/v2\/pages"}],"about":[{"href":"https:\/\/ens8-caba.infd.edu.ar\/sitio\/wp-json\/wp\/v2\/types\/page"}],"author":[{"embeddable":true,"href":"https:\/\/ens8-caba.infd.edu.ar\/sitio\/wp-json\/wp\/v2\/users\/1393"}],"replies":[{"embeddable":true,"href":"https:\/\/ens8-caba.infd.edu.ar\/sitio\/wp-json\/wp\/v2\/comments?post=1280"}],"version-history":[{"count":1,"href":"https:\/\/ens8-caba.infd.edu.ar\/sitio\/wp-json\/wp\/v2\/pages\/1280\/revisions"}],"predecessor-version":[{"id":2211,"href":"https:\/\/ens8-caba.infd.edu.ar\/sitio\/wp-json\/wp\/v2\/pages\/1280\/revisions\/2211"}],"wp:attachment":[{"href":"https:\/\/ens8-caba.infd.edu.ar\/sitio\/wp-json\/wp\/v2\/media?parent=1280"}],"curies":[{"name":"wp","href":"https:\/\/api.w.org\/{rel}","templated":true}]}}