{"id":1443,"date":"2018-12-26T17:01:58","date_gmt":"2018-12-26T20:01:58","guid":{"rendered":"https:\/\/ens8-caba.infd.edu.ar\/sitio\/?page_id=1443"},"modified":"2026-03-19T15:04:06","modified_gmt":"2026-03-19T18:04:06","slug":"calendario-academico-2019","status":"publish","type":"page","link":"https:\/\/ens8-caba.infd.edu.ar\/sitio\/calendario-academico-2019\/","title":{"rendered":"Calendario Acad\u00e9mico 2026"},"content":{"rendered":"\n<hr class=\"wp-block-separator has-alpha-channel-opacity\"\/>\n\n\n\n<div class=\"wp-block-columns is-layout-flex wp-container-2\">\n<div class=\"wp-block-column is-layout-flow\" style=\"flex-basis:100%\">\n<h4 class=\"wp-block-heading has-text-align-center has-base-background-color has-text-color has-background\" style=\"color:#b979cc\">&nbsp;<mark style=\"background-color:rgba(0, 0, 0, 0);color:#a160b0\" class=\"has-inline-color\"><strong><a href=\"https:\/\/docs.google.com\/spreadsheets\/d\/1pgK0X7jE__07Jh-2Iwtz-8of2HVoJ8iy\/edit?usp=sharing&amp;ouid=110423787463488160988&amp;rtpof=true&amp;sd=true\" target=\"_blank\" rel=\"noreferrer noopener\">Horarios 1er Cuatrimestre 2026<\/a><\/strong><\/mark><\/h4>\n\n\n\n<hr class=\"wp-block-separator has-alpha-channel-opacity\"\/>\n\n\n\n<p class=\"has-text-align-center has-text-color has-medium-font-size\" style=\"color:#8250a9\"><strong><a href=\"https:\/\/docs.google.com\/document\/d\/1iwRLn8D97Ho4euFsnP3dpu2ClvQCZKNF401Gos71bfw\/edit?usp=sharing\" target=\"_blank\" rel=\"noreferrer noopener\">Aulas TV<\/a><\/strong><\/p>\n\n\n\n<p><\/p>\n\n\n\n<hr class=\"wp-block-separator has-alpha-channel-opacity\"\/>\n\n\n\n<h5 class=\"wp-block-heading has-text-color\" style=\"color:#694987;font-style:italic;font-weight:400\"><mark style=\"background-color:var(--base);color:#926ba3\" class=\"has-inline-color\"><strong><a rel=\"noreferrer noopener\" href=\"https:\/\/docs.google.com\/document\/d\/1DC6H0xh4W-Jim3ImzTXvuPUAI4vVgvQT\/edit?usp=sharing&amp;ouid=110423787463488160988&amp;rtpof=true&amp;sd=true\" target=\"_blank\">Cronograma 1er Cuatrimestre 2026<\/a><\/strong><\/mark><\/h5>\n\n\n\n<figure class=\"wp-block-table is-style-stripes\"><table class=\"has-background\" style=\"background-color:#cddcdf\"><tbody><tr><td colspan=\"2\"><strong>CRONOGRAMA \u2013 1<\/strong><strong><sup>er<\/sup><\/strong><strong> CUATRIMESTRE 2026<\/strong><\/td><\/tr><tr><td>09\/02<\/td><td>Presentaci\u00f3n de todo el personal\/Inicio del per\u00edodo escolar 2026<\/td><\/tr><tr><td>12\/02 y 13\/02<\/td><td>Inscripci\u00f3n para rendir en condici\u00f3n de LIBRES<\/td><\/tr><tr><td>18\/02 a 19\/2<\/td><td>Inscripci\u00f3n a mesas de finales<\/td><\/tr><tr><td>23 al 27\/02<\/td><td>Mesas de ex\u00e1menes<strong> \u00daNICO LLAMADO<\/strong><\/td><\/tr><tr><td>24\/02<\/td><td><strong>1\u00b0 EMI <\/strong>(Espacio de mejora institucional)&nbsp;<\/td><\/tr><tr><td>5\/03<\/td><td><strong>Publicaci\u00f3n de oferta horaria 1\u00ba cuatrimestre 2026<\/strong><\/td><\/tr><tr><td>23\/02 al 06\/03<\/td><td><strong>Curso Introductorio para ingresantes<\/strong><\/td><\/tr><tr><td>10\/3&nbsp; y 11\/03<\/td><td>Inscripci\u00f3n a Instancias Curriculares del primer cuatrimestre&nbsp; <strong>para todos los estudiantes<\/strong> <strong>no ingresantes<\/strong><\/td><\/tr><tr><td>12\/03<\/td><td>Inscripci\u00f3n a instancias curriculares<strong> para&nbsp; Ingresantes <\/strong>(actividad dentro del curso introductorio)<\/td><\/tr><tr><td>2\/03<\/td><td>Reuni\u00f3n obligatoria para cursar <strong>Talleres 3 a 6 del CFPP del PEP y PEI<\/strong> y <strong>Talleres de pr\u00e1cticas EDI (ambas carreras).<\/strong> Entrega de formularios de inscripci\u00f3n a las coordinadoras \u2013 18:15 hs<\/td><\/tr><tr><td>16\/3<\/td><td><strong>Pases y volantes<\/strong><\/td><\/tr><tr><td>14\/05<\/td><td><strong>2\u00b0 EMI <\/strong>(espacio de mejora Institucional)<\/td><\/tr><tr><td>22\/6 al 26\/6<\/td><td>Cierre de calificaciones&nbsp; <strong>instancias con examen final o defensa oral en fecha de finales.<\/strong><\/td><\/tr><tr><td>29\/6 al 1\/07<\/td><td>Cierre de calificaciones<strong> Talleres<\/strong><\/td><\/tr><tr><td>29\/6 al 1\/7<\/td><td>Inscripci\u00f3n a finales julio<\/td><\/tr><tr><td>6\/7 al 10\/7<\/td><td>1\u00b0 Llamado mesas de ex\u00e1menes de julio<\/td><\/tr><tr><td>13\/7 al 17\/07<\/td><td>2\u00b0 Llamado mesas de ex\u00e1menes de julio<\/td><\/tr><tr><td><strong>16\/03 al 03\/07<\/strong><\/td><td><strong>CURSADA 1er CUATRIMESTRE 2026<\/strong><\/td><\/tr><tr><td><strong>20\/07&nbsp; al 02\/08<\/strong><\/td><td><strong>RECESO ESCOLAR<\/strong><\/td><\/tr><\/tbody><\/table><\/figure>\n<\/div>\n<\/div>\n\n\n\n<p class=\"has-text-color\" style=\"color:#8250a9\"><strong>Mesas de ex\u00e1menes finales:<\/strong><\/p>\n\n\n\n<p><span style=\"color: #993366;\"><strong><mark style=\"background-color:rgba(0, 0, 0, 0);color:#8c5f90\" class=\"has-inline-color\"><a href=\"https:\/\/docs.google.com\/document\/d\/1nRsBKKBV6CecZeSLX4mWqyV2_g8NXBnD6TQklF4OW1s\/edit?usp=sharing\" target=\"_blank\" rel=\"noreferrer noopener\">MESAS DE EX\u00c1MENES FEBRERO 2026 &#8211; TURNO TARDE<\/a><\/mark><\/strong><\/span><\/p>\n\n\n\n<p class=\"has-text-color\" style=\"color:#9a59a3\"><span style=\"color: #993366;\"><strong><mark style=\"background-color:rgba(0, 0, 0, 0);color:#8c5f90\" class=\"has-inline-color\"><a href=\"https:\/\/docs.google.com\/document\/d\/1f7LfWu3ADeo0jlRGoOKg6wZi73LzE818TfcQz6oG-9c\/edit?usp=sharing\" target=\"_blank\" rel=\"noreferrer noopener\">MESAS DE EX\u00c1MENES FEBRERO 2026 &#8211; TURNO VESPERTINO<\/a><\/mark><\/strong><\/span><\/p>\n\n\n\n<p><\/p>\n\n\n\n<p class=\"has-text-color\" style=\"color:#8250a9\"><strong>Recordatorio importante: la inscripci\u00f3n a ex\u00e1menes es por sistema SIU Guaran\u00ed<\/strong><\/p>\n","protected":false},"excerpt":{"rendered":"<p>&nbsp;Horarios 1er Cuatrimestre 2026 Aulas TV Cronograma 1er Cuatrimestre 2026 CRONOGRAMA \u2013 1er CUATRIMESTRE 2026 09\/02 Presentaci\u00f3n de todo el personal\/Inicio del per\u00edodo escolar 2026 12\/02 y 13\/02 Inscripci\u00f3n para rendir en condici\u00f3n de LIBRES 18\/02 a 19\/2 Inscripci\u00f3n a mesas de finales 23 al 27\/02 Mesas de ex\u00e1menes \u00daNICO LLAMADO 24\/02 1\u00b0 EMI (Espacio &#8230; <a title=\"Calendario Acad\u00e9mico 2026\" class=\"read-more\" href=\"https:\/\/ens8-caba.infd.edu.ar\/sitio\/calendario-academico-2019\/\" aria-label=\"More on Calendario Acad\u00e9mico 2026\">[+]<\/a><\/p>\n","protected":false},"author":1389,"featured_media":0,"parent":0,"menu_order":0,"comment_status":"closed","ping_status":"closed","template":"","meta":[],"acf":[],"_links":{"self":[{"href":"https:\/\/ens8-caba.infd.edu.ar\/sitio\/wp-json\/wp\/v2\/pages\/1443"}],"collection":[{"href":"https:\/\/ens8-caba.infd.edu.ar\/sitio\/wp-json\/wp\/v2\/pages"}],"about":[{"href":"https:\/\/ens8-caba.infd.edu.ar\/sitio\/wp-json\/wp\/v2\/types\/page"}],"author":[{"embeddable":true,"href":"https:\/\/ens8-caba.infd.edu.ar\/sitio\/wp-json\/wp\/v2\/users\/1389"}],"replies":[{"embeddable":true,"href":"https:\/\/ens8-caba.infd.edu.ar\/sitio\/wp-json\/wp\/v2\/comments?post=1443"}],"version-history":[{"count":145,"href":"https:\/\/ens8-caba.infd.edu.ar\/sitio\/wp-json\/wp\/v2\/pages\/1443\/revisions"}],"predecessor-version":[{"id":2991,"href":"https:\/\/ens8-caba.infd.edu.ar\/sitio\/wp-json\/wp\/v2\/pages\/1443\/revisions\/2991"}],"wp:attachment":[{"href":"https:\/\/ens8-caba.infd.edu.ar\/sitio\/wp-json\/wp\/v2\/media?parent=1443"}],"curies":[{"name":"wp","href":"https:\/\/api.w.org\/{rel}","templated":true}]}}