{"id":2329,"date":"2023-08-09T16:05:14","date_gmt":"2023-08-09T19:05:14","guid":{"rendered":"https:\/\/ens8-caba.infd.edu.ar\/sitio\/?page_id=2329"},"modified":"2023-08-28T16:48:00","modified_gmt":"2023-08-28T19:48:00","slug":"ayudantias-de-trabajos-practicos","status":"publish","type":"page","link":"https:\/\/ens8-caba.infd.edu.ar\/sitio\/ayudantias-de-trabajos-practicos\/","title":{"rendered":"Ayudant\u00edas de Trabajos Pr\u00e1cticos"},"content":{"rendered":"\n<ul>\n<li>Asesoramiento en el uso del Campus y las Aulas Virtuales tanto para estudiantes como para docentes.<\/li>\n\n\n\n<li>Apertura de Aulas&nbsp;Virtuales e incorporaci\u00f3n de estudiantes.<\/li>\n\n\n\n<li>Organizaci\u00f3n y entrega de programas desde 2012 en adelante.<\/li>\n<\/ul>\n\n\n\n<hr class=\"wp-block-separator has-alpha-channel-opacity\"\/>\n\n\n\n<p class=\"has-text-align-center has-text-color\" style=\"color:#9e6f99bd\"><strong>D\u00cdAS Y HORARIOS DE ATENCI\u00d3N<\/strong><\/p>\n\n\n\n<p class=\"has-text-align-center\"> <strong>Mar\u00eda<\/strong> <strong>Bel\u00e9n Cort\u00e9s L\u00f3pez<\/strong><\/p>\n\n\n\n<p class=\"has-text-align-center\">Martes, mi\u00e9rcoles y viernes de 18 a 20 hs.<\/p>\n\n\n\n<p class=\"has-text-align-center\"><strong>Eva Novick<\/strong><\/p>\n\n\n\n<p class=\"has-text-align-center\">Lunes, martes y mi\u00e9rcoles de 14 a 16 hs. y de 18 a 20 hs.<\/p>\n\n\n\n<p><\/p>\n\n\n\n<p><\/p>\n\n\n\n<p><\/p>\n","protected":false},"excerpt":{"rendered":"<p>D\u00cdAS Y HORARIOS DE ATENCI\u00d3N Mar\u00eda Bel\u00e9n Cort\u00e9s L\u00f3pez Martes, mi\u00e9rcoles y viernes de 18 a 20 hs. Eva Novick Lunes, martes y mi\u00e9rcoles de 14 a 16 hs. y de 18 a 20 hs.<\/p>\n","protected":false},"author":1389,"featured_media":0,"parent":0,"menu_order":0,"comment_status":"closed","ping_status":"closed","template":"","meta":[],"acf":[],"_links":{"self":[{"href":"https:\/\/ens8-caba.infd.edu.ar\/sitio\/wp-json\/wp\/v2\/pages\/2329"}],"collection":[{"href":"https:\/\/ens8-caba.infd.edu.ar\/sitio\/wp-json\/wp\/v2\/pages"}],"about":[{"href":"https:\/\/ens8-caba.infd.edu.ar\/sitio\/wp-json\/wp\/v2\/types\/page"}],"author":[{"embeddable":true,"href":"https:\/\/ens8-caba.infd.edu.ar\/sitio\/wp-json\/wp\/v2\/users\/1389"}],"replies":[{"embeddable":true,"href":"https:\/\/ens8-caba.infd.edu.ar\/sitio\/wp-json\/wp\/v2\/comments?post=2329"}],"version-history":[{"count":4,"href":"https:\/\/ens8-caba.infd.edu.ar\/sitio\/wp-json\/wp\/v2\/pages\/2329\/revisions"}],"predecessor-version":[{"id":2336,"href":"https:\/\/ens8-caba.infd.edu.ar\/sitio\/wp-json\/wp\/v2\/pages\/2329\/revisions\/2336"}],"wp:attachment":[{"href":"https:\/\/ens8-caba.infd.edu.ar\/sitio\/wp-json\/wp\/v2\/media?parent=2329"}],"curies":[{"name":"wp","href":"https:\/\/api.w.org\/{rel}","templated":true}]}}