{"id":2425,"date":"2023-09-13T15:14:02","date_gmt":"2023-09-13T18:14:02","guid":{"rendered":"https:\/\/ens8-caba.infd.edu.ar\/sitio\/?page_id=2425"},"modified":"2023-09-27T15:23:45","modified_gmt":"2023-09-27T18:23:45","slug":"novedades-institucionales","status":"publish","type":"page","link":"https:\/\/ens8-caba.infd.edu.ar\/sitio\/novedades-institucionales\/","title":{"rendered":"Novedades institucionales"},"content":{"rendered":"\n<p class=\"has-text-color has-medium-font-size\" style=\"color:#8317898a\"><strong>Memoria, Verdad y Justicia<\/strong><\/p>\n\n\n\n<p>El<strong> 30 de agosto<\/strong> <strong>de 2023<\/strong> se confeccion\u00f3 una baldosa junto a integrantes de&nbsp;<strong>Barrios x Memoria&nbsp;y Justicia<\/strong>.<\/p>\n\n\n\n<p>La baldosa, que se coloc\u00f3 en la entrada del Edificio&nbsp;Central, La Rioja 1042, recuerda a Haroldo, a Patricia Roisinblit y a Alicia Cosaka.<\/p>\n\n\n\n<p class=\"has-text-color\" style=\"color:#a718abf0\">&nbsp;Haroldo Pedro Conti. Fue profesor en nuestro normal de Castellano y Lat\u00edn entre los a\u00f1os 1960 y 1964. Detenido-desaparecido el 5 de mayo de 1976.<\/p>\n\n\n\n<p class=\"has-text-color\" style=\"color:#a718abf0\">&nbsp;Patricia Julia Roisinblit.&nbsp;Concurri\u00f3 a la escuela desde el Nivel Inicial&nbsp;hasta 5\u00b0 a\u00f1o, egresando&nbsp;en 1970. Detenida-desaparecida el 6 de octubre de 1978.&nbsp;<\/p>\n\n\n\n<p class=\"has-text-color\" style=\"color:#a718abf0\">&nbsp;Alicia Elsa Cosaka. Curs\u00f3 de 1\u00b0 a 3\u00b0 a\u00f1o entre 1970 y 1972.&nbsp;Detenida-desaparecida el 29 de octubre de 1976.&nbsp;<\/p>\n\n\n<div class=\"wp-block-image\">\n<figure class=\"aligncenter size-full is-resized\"><img decoding=\"async\" loading=\"lazy\" src=\"https:\/\/ens8-caba.infd.edu.ar\/sitio\/wp-content\/uploads\/2023\/09\/WhatsApp-Image-2023-09-27-at-15.19.49.jpeg\" alt=\"\" class=\"wp-image-2484\" width=\"345\" height=\"259\" srcset=\"https:\/\/ens8-caba.infd.edu.ar\/sitio\/wp-content\/uploads\/2023\/09\/WhatsApp-Image-2023-09-27-at-15.19.49.jpeg 1600w, https:\/\/ens8-caba.infd.edu.ar\/sitio\/wp-content\/uploads\/2023\/09\/WhatsApp-Image-2023-09-27-at-15.19.49-1000x750.jpeg 1000w, https:\/\/ens8-caba.infd.edu.ar\/sitio\/wp-content\/uploads\/2023\/09\/WhatsApp-Image-2023-09-27-at-15.19.49-768x576.jpeg 768w, https:\/\/ens8-caba.infd.edu.ar\/sitio\/wp-content\/uploads\/2023\/09\/WhatsApp-Image-2023-09-27-at-15.19.49-1536x1152.jpeg 1536w\" sizes=\"(max-width: 345px) 100vw, 345px\" \/><\/figure><\/div>\n\n\n<p><br>La confecci\u00f3n de la baldosa se llev\u00f3 a cabo con la participaci\u00f3n de los&nbsp;<strong>Centros de Estudiantes de Nivel Secundario y Nivel Superior<\/strong>, fue colocada el viernes 15 de septiembre y se descubri\u00f3 el 23 de septiembre, en la <strong>Noche de los Museos<\/strong>. <\/p>\n\n\n\n<hr class=\"wp-block-separator has-alpha-channel-opacity\"\/>\n\n\n\n<p class=\"has-text-color has-medium-font-size\" style=\"color:#8317898a\"><strong>El Normal 8 en La Noche de los Museos<\/strong><\/p>\n\n\n\n<p>Este a\u00f1o el Normal 8 inaugur\u00f3 su participaci\u00f3n en La Noche de los Museos.<\/p>\n\n\n<div class=\"wp-block-image\">\n<figure class=\"aligncenter size-full is-resized\"><img decoding=\"async\" loading=\"lazy\" src=\"https:\/\/ens8-caba.infd.edu.ar\/sitio\/wp-content\/uploads\/2023\/09\/noche-de-los-museos-1.jpeg\" alt=\"\" class=\"wp-image-2452\" width=\"512\" height=\"384\" srcset=\"https:\/\/ens8-caba.infd.edu.ar\/sitio\/wp-content\/uploads\/2023\/09\/noche-de-los-museos-1.jpeg 1024w, https:\/\/ens8-caba.infd.edu.ar\/sitio\/wp-content\/uploads\/2023\/09\/noche-de-los-museos-1-1000x750.jpeg 1000w, https:\/\/ens8-caba.infd.edu.ar\/sitio\/wp-content\/uploads\/2023\/09\/noche-de-los-museos-1-768x576.jpeg 768w\" sizes=\"(max-width: 512px) 100vw, 512px\" \/><\/figure><\/div>\n\n<div class=\"wp-block-image\">\n<figure class=\"aligncenter size-full is-resized\"><img decoding=\"async\" loading=\"lazy\" src=\"https:\/\/ens8-caba.infd.edu.ar\/sitio\/wp-content\/uploads\/2023\/09\/noche-de-los-museos-2.jpeg\" alt=\"\" class=\"wp-image-2453\" width=\"540\" height=\"318\" srcset=\"https:\/\/ens8-caba.infd.edu.ar\/sitio\/wp-content\/uploads\/2023\/09\/noche-de-los-museos-2.jpeg 1080w, https:\/\/ens8-caba.infd.edu.ar\/sitio\/wp-content\/uploads\/2023\/09\/noche-de-los-museos-2-1000x588.jpeg 1000w, https:\/\/ens8-caba.infd.edu.ar\/sitio\/wp-content\/uploads\/2023\/09\/noche-de-los-museos-2-768x452.jpeg 768w\" sizes=\"(max-width: 540px) 100vw, 540px\" \/><\/figure><\/div>\n\n<div class=\"wp-block-image\">\n<figure class=\"aligncenter size-full is-resized\"><img decoding=\"async\" loading=\"lazy\" src=\"https:\/\/ens8-caba.infd.edu.ar\/sitio\/wp-content\/uploads\/2023\/09\/noche-los-museos-3.jpeg\" alt=\"\" class=\"wp-image-2454\" width=\"540\" height=\"556\" srcset=\"https:\/\/ens8-caba.infd.edu.ar\/sitio\/wp-content\/uploads\/2023\/09\/noche-los-museos-3.jpeg 1080w, https:\/\/ens8-caba.infd.edu.ar\/sitio\/wp-content\/uploads\/2023\/09\/noche-los-museos-3-972x1000.jpeg 972w, https:\/\/ens8-caba.infd.edu.ar\/sitio\/wp-content\/uploads\/2023\/09\/noche-los-museos-3-768x790.jpeg 768w\" sizes=\"(max-width: 540px) 100vw, 540px\" \/><\/figure><\/div>\n\n<div class=\"wp-block-image\">\n<figure class=\"aligncenter size-full is-resized\"><img decoding=\"async\" loading=\"lazy\" src=\"https:\/\/ens8-caba.infd.edu.ar\/sitio\/wp-content\/uploads\/2023\/09\/noche-de-los-museos-4.jpeg\" alt=\"\" class=\"wp-image-2455\" width=\"540\" height=\"424\" srcset=\"https:\/\/ens8-caba.infd.edu.ar\/sitio\/wp-content\/uploads\/2023\/09\/noche-de-los-museos-4.jpeg 1080w, https:\/\/ens8-caba.infd.edu.ar\/sitio\/wp-content\/uploads\/2023\/09\/noche-de-los-museos-4-1000x784.jpeg 1000w, https:\/\/ens8-caba.infd.edu.ar\/sitio\/wp-content\/uploads\/2023\/09\/noche-de-los-museos-4-768x602.jpeg 768w\" sizes=\"(max-width: 540px) 100vw, 540px\" \/><figcaption class=\"wp-element-caption\">Coro \u00abCantaratas\u00bb<\/figcaption><\/figure><\/div>\n\n<div class=\"wp-block-image\">\n<figure class=\"aligncenter size-full is-resized\"><img decoding=\"async\" loading=\"lazy\" src=\"https:\/\/ens8-caba.infd.edu.ar\/sitio\/wp-content\/uploads\/2023\/09\/noche-de-los-museos-5.jpeg\" alt=\"\" class=\"wp-image-2456\" width=\"540\" height=\"509\" srcset=\"https:\/\/ens8-caba.infd.edu.ar\/sitio\/wp-content\/uploads\/2023\/09\/noche-de-los-museos-5.jpeg 1080w, https:\/\/ens8-caba.infd.edu.ar\/sitio\/wp-content\/uploads\/2023\/09\/noche-de-los-museos-5-1000x942.jpeg 1000w, https:\/\/ens8-caba.infd.edu.ar\/sitio\/wp-content\/uploads\/2023\/09\/noche-de-los-museos-5-768x723.jpeg 768w\" sizes=\"(max-width: 540px) 100vw, 540px\" \/><\/figure><\/div>\n\n<div class=\"wp-block-image\">\n<figure class=\"aligncenter size-full is-resized\"><img decoding=\"async\" loading=\"lazy\" src=\"https:\/\/ens8-caba.infd.edu.ar\/sitio\/wp-content\/uploads\/2023\/09\/noche-de-los-museos-6.jpeg\" alt=\"\" class=\"wp-image-2457\" width=\"517\" height=\"418\" srcset=\"https:\/\/ens8-caba.infd.edu.ar\/sitio\/wp-content\/uploads\/2023\/09\/noche-de-los-museos-6.jpeg 1034w, https:\/\/ens8-caba.infd.edu.ar\/sitio\/wp-content\/uploads\/2023\/09\/noche-de-los-museos-6-1000x808.jpeg 1000w, https:\/\/ens8-caba.infd.edu.ar\/sitio\/wp-content\/uploads\/2023\/09\/noche-de-los-museos-6-768x620.jpeg 768w\" sizes=\"(max-width: 517px) 100vw, 517px\" \/><\/figure><\/div>\n\n<div class=\"wp-block-image\">\n<figure class=\"aligncenter size-full is-resized\"><img decoding=\"async\" loading=\"lazy\" src=\"https:\/\/ens8-caba.infd.edu.ar\/sitio\/wp-content\/uploads\/2023\/09\/noche-de-los-museos-9.jpeg\" alt=\"\" class=\"wp-image-2460\" width=\"640\" height=\"360\" srcset=\"https:\/\/ens8-caba.infd.edu.ar\/sitio\/wp-content\/uploads\/2023\/09\/noche-de-los-museos-9.jpeg 1280w, https:\/\/ens8-caba.infd.edu.ar\/sitio\/wp-content\/uploads\/2023\/09\/noche-de-los-museos-9-1000x562.jpeg 1000w, https:\/\/ens8-caba.infd.edu.ar\/sitio\/wp-content\/uploads\/2023\/09\/noche-de-los-museos-9-768x431.jpeg 768w\" sizes=\"(max-width: 640px) 100vw, 640px\" \/><\/figure><\/div>\n\n<div class=\"wp-block-image\">\n<figure class=\"aligncenter size-large is-resized\"><img decoding=\"async\" loading=\"lazy\" src=\"https:\/\/ens8-caba.infd.edu.ar\/sitio\/wp-content\/uploads\/2023\/09\/noche-de-los-museos-10-1425x1900.jpg\" alt=\"\" class=\"wp-image-2474\" width=\"408\" height=\"544\" srcset=\"https:\/\/ens8-caba.infd.edu.ar\/sitio\/wp-content\/uploads\/2023\/09\/noche-de-los-museos-10-1425x1900.jpg 1425w, https:\/\/ens8-caba.infd.edu.ar\/sitio\/wp-content\/uploads\/2023\/09\/noche-de-los-museos-10-750x1000.jpg 750w, https:\/\/ens8-caba.infd.edu.ar\/sitio\/wp-content\/uploads\/2023\/09\/noche-de-los-museos-10-768x1024.jpg 768w, https:\/\/ens8-caba.infd.edu.ar\/sitio\/wp-content\/uploads\/2023\/09\/noche-de-los-museos-10-1152x1536.jpg 1152w, https:\/\/ens8-caba.infd.edu.ar\/sitio\/wp-content\/uploads\/2023\/09\/noche-de-los-museos-10-1536x2048.jpg 1536w, https:\/\/ens8-caba.infd.edu.ar\/sitio\/wp-content\/uploads\/2023\/09\/noche-de-los-museos-10-scaled.jpg 1920w\" sizes=\"(max-width: 408px) 100vw, 408px\" \/><\/figure><\/div>\n\n<div class=\"wp-block-image\">\n<figure class=\"aligncenter size-large is-resized\"><img decoding=\"async\" loading=\"lazy\" src=\"https:\/\/ens8-caba.infd.edu.ar\/sitio\/wp-content\/uploads\/2023\/09\/noche-de-los-museos-13-1425x1900.jpg\" alt=\"\" class=\"wp-image-2477\" width=\"403\" height=\"538\" srcset=\"https:\/\/ens8-caba.infd.edu.ar\/sitio\/wp-content\/uploads\/2023\/09\/noche-de-los-museos-13-1425x1900.jpg 1425w, https:\/\/ens8-caba.infd.edu.ar\/sitio\/wp-content\/uploads\/2023\/09\/noche-de-los-museos-13-750x1000.jpg 750w, https:\/\/ens8-caba.infd.edu.ar\/sitio\/wp-content\/uploads\/2023\/09\/noche-de-los-museos-13-768x1024.jpg 768w, https:\/\/ens8-caba.infd.edu.ar\/sitio\/wp-content\/uploads\/2023\/09\/noche-de-los-museos-13-1152x1536.jpg 1152w, https:\/\/ens8-caba.infd.edu.ar\/sitio\/wp-content\/uploads\/2023\/09\/noche-de-los-museos-13-1536x2048.jpg 1536w, https:\/\/ens8-caba.infd.edu.ar\/sitio\/wp-content\/uploads\/2023\/09\/noche-de-los-museos-13-scaled.jpg 1920w\" sizes=\"(max-width: 403px) 100vw, 403px\" \/><\/figure><\/div>\n\n<div class=\"wp-block-image\">\n<figure class=\"aligncenter size-large is-resized\"><img decoding=\"async\" loading=\"lazy\" src=\"https:\/\/ens8-caba.infd.edu.ar\/sitio\/wp-content\/uploads\/2023\/09\/noche-de-los-museos-11-1425x1900.jpg\" alt=\"\" class=\"wp-image-2478\" width=\"401\" height=\"535\" srcset=\"https:\/\/ens8-caba.infd.edu.ar\/sitio\/wp-content\/uploads\/2023\/09\/noche-de-los-museos-11-1425x1900.jpg 1425w, https:\/\/ens8-caba.infd.edu.ar\/sitio\/wp-content\/uploads\/2023\/09\/noche-de-los-museos-11-750x1000.jpg 750w, https:\/\/ens8-caba.infd.edu.ar\/sitio\/wp-content\/uploads\/2023\/09\/noche-de-los-museos-11-768x1024.jpg 768w, https:\/\/ens8-caba.infd.edu.ar\/sitio\/wp-content\/uploads\/2023\/09\/noche-de-los-museos-11-1152x1536.jpg 1152w, https:\/\/ens8-caba.infd.edu.ar\/sitio\/wp-content\/uploads\/2023\/09\/noche-de-los-museos-11-1536x2048.jpg 1536w, https:\/\/ens8-caba.infd.edu.ar\/sitio\/wp-content\/uploads\/2023\/09\/noche-de-los-museos-11-scaled.jpg 1920w\" sizes=\"(max-width: 401px) 100vw, 401px\" \/><\/figure><\/div>\n\n<div class=\"wp-block-image\">\n<figure class=\"aligncenter size-large is-resized\"><img decoding=\"async\" loading=\"lazy\" src=\"https:\/\/ens8-caba.infd.edu.ar\/sitio\/wp-content\/uploads\/2023\/09\/noche-de-los-museos-12-1425x1900.jpg\" alt=\"\" class=\"wp-image-2479\" width=\"401\" height=\"535\" srcset=\"https:\/\/ens8-caba.infd.edu.ar\/sitio\/wp-content\/uploads\/2023\/09\/noche-de-los-museos-12-1425x1900.jpg 1425w, https:\/\/ens8-caba.infd.edu.ar\/sitio\/wp-content\/uploads\/2023\/09\/noche-de-los-museos-12-750x1000.jpg 750w, https:\/\/ens8-caba.infd.edu.ar\/sitio\/wp-content\/uploads\/2023\/09\/noche-de-los-museos-12-768x1024.jpg 768w, https:\/\/ens8-caba.infd.edu.ar\/sitio\/wp-content\/uploads\/2023\/09\/noche-de-los-museos-12-1152x1536.jpg 1152w, https:\/\/ens8-caba.infd.edu.ar\/sitio\/wp-content\/uploads\/2023\/09\/noche-de-los-museos-12-1536x2048.jpg 1536w, https:\/\/ens8-caba.infd.edu.ar\/sitio\/wp-content\/uploads\/2023\/09\/noche-de-los-museos-12-scaled.jpg 1920w\" sizes=\"(max-width: 401px) 100vw, 401px\" \/><\/figure><\/div>\n\n<div class=\"wp-block-image\">\n<figure class=\"aligncenter size-full is-resized\"><img decoding=\"async\" loading=\"lazy\" src=\"https:\/\/ens8-caba.infd.edu.ar\/sitio\/wp-content\/uploads\/2023\/09\/noche-de-los-museos-2023.png\" alt=\"\" class=\"wp-image-2461\" width=\"255\" height=\"143\"\/><\/figure><\/div>","protected":false},"excerpt":{"rendered":"<p>Memoria, Verdad y Justicia El 30 de agosto de 2023 se confeccion\u00f3 una baldosa junto a integrantes de&nbsp;Barrios x Memoria&nbsp;y Justicia. La baldosa, que se coloc\u00f3 en la entrada del Edificio&nbsp;Central, La Rioja 1042, recuerda a Haroldo, a Patricia Roisinblit y a Alicia Cosaka. &nbsp;Haroldo Pedro Conti. Fue profesor en nuestro normal de Castellano y &#8230; <a title=\"Novedades institucionales\" class=\"read-more\" href=\"https:\/\/ens8-caba.infd.edu.ar\/sitio\/novedades-institucionales\/\" aria-label=\"More on Novedades institucionales\">[+]<\/a><\/p>\n","protected":false},"author":1389,"featured_media":0,"parent":0,"menu_order":0,"comment_status":"closed","ping_status":"closed","template":"","meta":[],"acf":[],"_links":{"self":[{"href":"https:\/\/ens8-caba.infd.edu.ar\/sitio\/wp-json\/wp\/v2\/pages\/2425"}],"collection":[{"href":"https:\/\/ens8-caba.infd.edu.ar\/sitio\/wp-json\/wp\/v2\/pages"}],"about":[{"href":"https:\/\/ens8-caba.infd.edu.ar\/sitio\/wp-json\/wp\/v2\/types\/page"}],"author":[{"embeddable":true,"href":"https:\/\/ens8-caba.infd.edu.ar\/sitio\/wp-json\/wp\/v2\/users\/1389"}],"replies":[{"embeddable":true,"href":"https:\/\/ens8-caba.infd.edu.ar\/sitio\/wp-json\/wp\/v2\/comments?post=2425"}],"version-history":[{"count":12,"href":"https:\/\/ens8-caba.infd.edu.ar\/sitio\/wp-json\/wp\/v2\/pages\/2425\/revisions"}],"predecessor-version":[{"id":2486,"href":"https:\/\/ens8-caba.infd.edu.ar\/sitio\/wp-json\/wp\/v2\/pages\/2425\/revisions\/2486"}],"wp:attachment":[{"href":"https:\/\/ens8-caba.infd.edu.ar\/sitio\/wp-json\/wp\/v2\/media?parent=2425"}],"curies":[{"name":"wp","href":"https:\/\/api.w.org\/{rel}","templated":true}]}}