{"id":286,"date":"2016-10-31T13:17:59","date_gmt":"2016-10-31T16:17:59","guid":{"rendered":"https:\/\/ens8-caba.infd.edu.ar\/sitio\/?page_id=286"},"modified":"2026-03-05T16:29:53","modified_gmt":"2026-03-05T19:29:53","slug":"inicio","status":"publish","type":"page","link":"https:\/\/ens8-caba.infd.edu.ar\/sitio\/","title":{"rendered":"Inicio"},"content":{"rendered":"<div id=\"metaslider-id-2509\" style=\"width: 100%;\" class=\"ml-slider-3-33-0 metaslider metaslider-flex metaslider-2509 ml-slider ms-theme-default\" role=\"region\" aria-roledescription=\"Slideshow\" aria-label=\"Slideshow\">\n    <div id=\"metaslider_container_2509\">\n        <div id=\"metaslider_2509\" class=\"flexslider\">\n            <ul aria-live=\"polite\" class=\"slides\">\n                <li style=\"display: block; width: 100%;\" class=\"slide-2511 ms-image\" aria-roledescription=\"slide\" aria-label=\"slide-2511\"><img src=\"https:\/\/ens8-caba.infd.edu.ar\/sitio\/wp-content\/uploads\/2023\/10\/Slider-Normal-8.png\" height=\"200\" width=\"1100\" alt=\"\" class=\"slider-2509 slide-2511\" title=\"Slider Normal 8\" \/><\/li>\n                <li style=\"display: none; width: 100%;\" class=\"slide-2513 ms-image\" aria-roledescription=\"slide\" aria-label=\"slide-2513\"><img src=\"https:\/\/ens8-caba.infd.edu.ar\/sitio\/wp-content\/uploads\/2023\/10\/Slider-Normal-8-1.png\" height=\"200\" width=\"1100\" alt=\"\" class=\"slider-2509 slide-2513\" title=\"Slider Normal 8 (1)\" \/><\/li>\n                <li style=\"display: none; width: 100%;\" class=\"slide-2515 ms-image\" aria-roledescription=\"slide\" aria-label=\"slide-2515\"><img src=\"https:\/\/ens8-caba.infd.edu.ar\/sitio\/wp-content\/uploads\/2023\/10\/Slider-Normal-8-2.png\" height=\"200\" width=\"1100\" alt=\"\" class=\"slider-2509 slide-2515\" title=\"Slider Normal 8 (2)\" \/><\/li>\n                <li style=\"display: none; width: 100%;\" class=\"slide-2517 ms-image\" aria-roledescription=\"slide\" aria-label=\"slide-2517\"><img src=\"https:\/\/ens8-caba.infd.edu.ar\/sitio\/wp-content\/uploads\/2023\/10\/Slider-Normal-8-3.png\" height=\"200\" width=\"1100\" alt=\"\" class=\"slider-2509 slide-2517\" title=\"Slider Normal 8 (3)\" \/><\/li>\n                <li style=\"display: none; width: 100%;\" class=\"slide-2519 ms-image\" aria-roledescription=\"slide\" aria-label=\"slide-2519\"><img src=\"https:\/\/ens8-caba.infd.edu.ar\/sitio\/wp-content\/uploads\/2023\/10\/Slider-Normal-8-4.png\" height=\"200\" width=\"1100\" alt=\"\" class=\"slider-2509 slide-2519\" title=\"Slider Normal 8 (4)\" \/><\/li>\n                <li style=\"display: none; width: 100%;\" class=\"slide-2665 ms-image\" aria-roledescription=\"slide\" aria-label=\"slide-2665\"><img src=\"https:\/\/ens8-caba.infd.edu.ar\/sitio\/wp-content\/uploads\/2024\/02\/Slider-Normal-8-1-1.png\" height=\"200\" width=\"1100\" alt=\"\" class=\"slider-2509 slide-2665\" title=\"Slider Normal 8 (1)\" \/><\/li>\n                <li style=\"display: none; width: 100%;\" class=\"slide-2666 ms-image\" aria-roledescription=\"slide\" aria-label=\"slide-2666\"><img src=\"https:\/\/ens8-caba.infd.edu.ar\/sitio\/wp-content\/uploads\/2024\/02\/Slider-Normal-8-1.png\" height=\"200\" width=\"1100\" alt=\"\" class=\"slider-2509 slide-2666\" title=\"Slider Normal 8\" \/><\/li>\n            <\/ul>\n        <\/div>\n        \n    <\/div>\n<\/div>\n<p><a href=\"https:\/\/www.instagram.com\/normal8_superior\/?next=%2F\" target=\"_blank\" rel=\"noopener\"><img decoding=\"async\" loading=\"lazy\" class=\"aligncenter wp-image-2576\" src=\"https:\/\/ens8-caba.infd.edu.ar\/sitio\/wp-content\/uploads\/2023\/11\/logo-instagram.png\" alt=\"\" width=\"66\" height=\"66\" \/><\/a><\/p>\n<p><img decoding=\"async\" loading=\"lazy\" class=\"wp-image-2389 aligncenter\" src=\"https:\/\/ens8-caba.infd.edu.ar\/sitio\/wp-content\/uploads\/2023\/08\/pagina-8.png\" alt=\"\" width=\"712\" height=\"532\" \/><\/p>\n<p>&nbsp;<\/p>\n<style>.wp-show-posts-columns#wpsp-383 {margin-left: -2em; }.wp-show-posts-columns#wpsp-383 .wp-show-posts-inner {margin: 0 0 2em 2em; }<\/style><section id=\"wpsp-383\" class=\" wp-show-posts-columns wp-show-posts\" style=\"\"><article class=\" wp-show-posts-single post-2938 post type-post status-publish format-standard has-post-thumbnail hentry category-sin-categoria wpsp-col-4\" itemtype=\"http:\/\/schema.org\/CreativeWork\" itemscope><div class=\"wp-show-posts-inner\" style=\"\">\t\t<div class=\"wp-show-posts-image  wpsp-image-center \">\n\t\t\t<a href=\"https:\/\/ens8-caba.infd.edu.ar\/sitio\/el-normal-8-celebro-sus-115-anos-de-historia\/\"  title=\"El Normal 8 celebr\u00f3 sus 115 a\u00f1os de historia\">\t\t\t\t\t<img src=\"https:\/\/ens8-caba.infd.edu.ar\/sitio\/wp-content\/uploads\/2025\/10\/WhatsApp-Image-2025-09-30-at-16.31.21-2-1-500x500.jpeg\" alt=\"El Normal 8 celebr\u00f3 sus 115 a\u00f1os de historia\" itemprop=\"image\" class=\"center\" \/>\n\t\t\t\t<\/a>\t\t<\/div>\n\t\t\t\t\t\t\t\t<header class=\"wp-show-posts-entry-header\">\n\t\t\t\t\t\t\t<h2 class=\"wp-show-posts-entry-title\" itemprop=\"headline\"><a href=\"https:\/\/ens8-caba.infd.edu.ar\/sitio\/el-normal-8-celebro-sus-115-anos-de-historia\/\" rel=\"bookmark\">El Normal 8 celebr\u00f3 sus 115 a\u00f1os de historia<\/a><\/h2>\t\t\t\t\t\t<\/header><!-- .entry-header -->\n\t\t\t\t\t\t\t\t\t\t\t<div class=\"wp-show-posts-entry-summary\" itemprop=\"text\">\n\t\t\t\t\t\t\t<p>&#x2728; 115 a\u00f1os de historia &#x2728;&#xfe0f; Hoy seguimos creciendo y construyendo junt@s nuestra escuela. &#x1f4ab; Celebramos el orgullo de haber hecho historia. &#x1f4ab; Celebramos la alegr\u00eda de un presente en&#8230;<\/p>\n\t\t\t\t\t\t<\/div><!-- .entry-summary -->\n\t\t\t\t\t<\/div><!-- wp-show-posts-inner --><\/article><article class=\" wp-show-posts-single post-2928 post type-post status-publish format-standard has-post-thumbnail hentry category-sin-categoria wpsp-col-4\" itemtype=\"http:\/\/schema.org\/CreativeWork\" itemscope><div class=\"wp-show-posts-inner\" style=\"\">\t\t<div class=\"wp-show-posts-image  wpsp-image-center \">\n\t\t\t<a href=\"https:\/\/ens8-caba.infd.edu.ar\/sitio\/ingreso-a-las-carreras-de-formacion-docente-2026\/\"  title=\"Ingreso a las carreras de Formaci\u00f3n Docente 2026\">\t\t\t\t\t<img src=\"https:\/\/ens8-caba.infd.edu.ar\/sitio\/wp-content\/uploads\/2025\/09\/entradas-pagina-ens-8-1080-x-1080-px-2-500x500.png\" alt=\"Ingreso a las carreras de Formaci\u00f3n Docente 2026\" itemprop=\"image\" class=\"center\" \/>\n\t\t\t\t<\/a>\t\t<\/div>\n\t\t\t\t\t\t\t\t<header class=\"wp-show-posts-entry-header\">\n\t\t\t\t\t\t\t<h2 class=\"wp-show-posts-entry-title\" itemprop=\"headline\"><a href=\"https:\/\/ens8-caba.infd.edu.ar\/sitio\/ingreso-a-las-carreras-de-formacion-docente-2026\/\" rel=\"bookmark\">Ingreso a las carreras de Formaci\u00f3n Docente 2026<\/a><\/h2>\t\t\t\t\t\t<\/header><!-- .entry-header -->\n\t\t\t\t\t\t\t\t\t\t\t<div class=\"wp-show-posts-entry-summary\" itemprop=\"text\">\n\t\t\t\t\t\t\t<p>La inscripci\u00f3n en l\u00ednea&nbsp;para&nbsp;ingresar a carreras de formaci\u00f3n docente&nbsp;en el&nbsp;primer cuatrimestre 2026&nbsp;se realizar\u00e1 en las siguientes fechas: Primer per\u00edodo de inscripci\u00f3n: 6\/10\/25 al 6\/12\/25 Per\u00edodo complementario: 9\/12\/25 al 21\/2\/26 Ingresar&#8230;<\/p>\n\t\t\t\t\t\t<\/div><!-- .entry-summary -->\n\t\t\t\t\t<\/div><!-- wp-show-posts-inner --><\/article><article class=\" wp-show-posts-single post-2868 post type-post status-publish format-standard has-post-thumbnail hentry category-sin-categoria wpsp-col-4\" itemtype=\"http:\/\/schema.org\/CreativeWork\" itemscope><div class=\"wp-show-posts-inner\" style=\"\">\t\t<div class=\"wp-show-posts-image  wpsp-image-center \">\n\t\t\t<a href=\"https:\/\/ens8-caba.infd.edu.ar\/sitio\/informacion-importante-sobre-sistema-siu-guarani\/\"  title=\"Informaci\u00f3n importante sobre sistema SIU GUARAN\u00cd\">\t\t\t\t\t<img src=\"https:\/\/ens8-caba.infd.edu.ar\/sitio\/wp-content\/uploads\/2025\/07\/entradas-pagina-ens-8-1080-x-1080-px-1-500x500.png\" alt=\"Informaci\u00f3n importante sobre sistema SIU GUARAN\u00cd\" itemprop=\"image\" class=\"center\" \/>\n\t\t\t\t<\/a>\t\t<\/div>\n\t\t\t\t\t\t\t\t<header class=\"wp-show-posts-entry-header\">\n\t\t\t\t\t\t\t<h2 class=\"wp-show-posts-entry-title\" itemprop=\"headline\"><a href=\"https:\/\/ens8-caba.infd.edu.ar\/sitio\/informacion-importante-sobre-sistema-siu-guarani\/\" rel=\"bookmark\">Informaci\u00f3n importante sobre sistema SIU GUARAN\u00cd<\/a><\/h2>\t\t\t\t\t\t<\/header><!-- .entry-header -->\n\t\t\t\t\t\t\t\t\t\t\t<div class=\"wp-show-posts-entry-summary\" itemprop=\"text\">\n\t\t\t\t\t\t\t<p>Estimados\/as Estudiantes: Por disposici\u00f3n de la Direcci\u00f3n de Escuelas Normales Superiores, nuestra Instituci\u00f3n comenzar\u00e1 a\u00a0 utilizar el sistema SIU Guaran\u00ed, por lo que pr\u00f3ximamente todas las gestiones como inscripciones a&#8230;<\/p>\n\t\t\t\t\t\t<\/div><!-- .entry-summary -->\n\t\t\t\t\t<\/div><!-- wp-show-posts-inner --><\/article><div class=\"wpsp-clear\"><\/div><\/section><!-- .wp-show-posts -->\n<p>&nbsp;<\/p>\n<p style=\"text-align: center;\">\u00a0<\/p>\n<h3 style=\"text-align: center;\"><span style=\"color: #4f81b3;\"><strong><b>INGRESO A LAS CARRERAS DE FORMACI\u00d3N DOCENTE<\/b><\/strong><b>\u00a0<\/b><\/span><\/h3>\n<p style=\"text-align: center;\">AVISO: La inscripci\u00f3n en l\u00ednea <em>para<\/em> <em><strong>ingresar a carreras de formaci\u00f3n docente<\/strong> en el primer cuatrimestre 2026 ya finalizaron. Comunicaremos cuando abran las inscripciones para el segundo cuatrimestre.<\/em><\/p>\n<p style=\"text-align: center;\">\u00a0<\/p>\n<p style=\"text-align: center;\">Ingresar en el<span style=\"color: #000080;\"> <a style=\"color: #000080;\" href=\"https:\/\/guarani-autogestionfdocente.bue.edu.ar\/preinscripcion\/caba\/acceso\" target=\"_blank\" rel=\"noopener\"><strong><span style=\"color: #4f81b3;\">Sistema de<\/span> <span style=\"color: #4f81b3;\">Preinscripci\u00f3n<\/span> <\/strong><\/a><\/span>seleccionando la carrera e instituci\u00f3n.<\/p>\n<p style=\"text-align: center;\">Si ten\u00e9s alguna duda o inconveniente con la inscripci\u00f3n, acercate a la escuela y te asesoramos.<\/p>\n<p style=\"text-align: center;\"><strong>Consultas<\/strong><\/p>\n<p style=\"text-align: center;\">ens8.terciario@gmail.com<\/p>\n<p style=\"text-align: center;\">4931-1551 \/ 4932-9433<\/p>\n<p style=\"text-align: center;\">La Rioja 1042 &#8211; CABA<\/p>\n<p>&nbsp;<\/p>\n<p style=\"text-align: center;\"><span style=\"color: #99ccff;\"><a style=\"color: #99ccff;\" href=\"https:\/\/ens8-caba.infd.edu.ar\/sitio\/ingresantes\/\"><strong>Ver m\u00e1s informaci\u00f3n<\/strong><\/a><\/span><\/p>\n<p style=\"text-align: center;\"><span style=\"color: #4f81b3;\"><strong><a style=\"color: #4f81b3;\" href=\"https:\/\/ens8-caba.infd.edu.ar\/sitio\/profesorados\/upload\/PCI_PROF_EDUC_PRIMARIA.pdf\">Profesorado de Educaci\u00f3n Primaria<\/a><\/strong><\/span><\/p>\n<p style=\"text-align: center;\"><span style=\"color: #4f81b3;\"><a style=\"color: #4f81b3;\" href=\"https:\/\/ens8-caba.infd.edu.ar\/sitio\/profesorados\/upload\/PCI-Profesorado_Inicial_-DGEDS_1.pdf\"><strong>Profesorado de Educaci\u00f3n Inicial<\/strong><\/a><\/span><\/p>\n<div id=\"metaslider-id-403\" style=\"width: 100%;\" class=\"ml-slider-3-33-0 metaslider metaslider-flex metaslider-403 ml-slider ms-theme-default\" role=\"region\" aria-roledescription=\"Slideshow\" aria-label=\"Slideshow\">\n    <div id=\"metaslider_container_403\">\n        <div id=\"metaslider_403\" class=\"flexslider\">\n            <ul aria-live=\"polite\" class=\"slides\">\n                <li style=\"display: block; width: 100%;\" class=\"slide-607 ms-image\" aria-roledescription=\"slide\" aria-label=\"slide-607\"><a href=\"https:\/\/mapa.infd.edu.ar\/\" target=\"_blank\"><img src=\"https:\/\/ens8-caba.infd.edu.ar\/sitio\/wp-content\/uploads\/2018\/06\/mapa_infd6-1100x200.png\" height=\"200\" width=\"1100\" alt=\"\" class=\"slider-403 slide-607\" title=\"Red INFD\" \/><\/a><\/li>\n                <li style=\"display: none; width: 100%;\" class=\"slide-609 ms-image\" aria-roledescription=\"slide\" aria-label=\"slide-609\"><a href=\"https:\/\/www.argentina.gob.ar\/educacion\/becas\" target=\"_blank\"><img src=\"https:\/\/ens8-caba.infd.edu.ar\/sitio\/wp-content\/uploads\/2018\/06\/becas7-1100x200.png\" height=\"200\" width=\"1100\" alt=\"\" class=\"slider-403 slide-609\" title=\"Becas\" \/><\/a><\/li>\n                <li style=\"display: none; width: 100%;\" class=\"slide-635 ms-image\" aria-roledescription=\"slide\" aria-label=\"slide-635\"><a href=\"https:\/\/www.argentina.gob.ar\/tema\/estudiar\/formacion-docencia\" target=\"_blank\"><img src=\"https:\/\/ens8-caba.infd.edu.ar\/sitio\/wp-content\/uploads\/2018\/06\/convocatorias_slide6-1-1100x200.png\" height=\"200\" width=\"1100\" alt=\"\" class=\"slider-403 slide-635\" title=\"Investigaci\u00f3n\" \/><\/a><\/li>\n            <\/ul>\n        <\/div>\n        \n    <\/div>\n<\/div>\n","protected":false},"excerpt":{"rendered":"<p>&nbsp; &nbsp; \u00a0 INGRESO A LAS CARRERAS DE FORMACI\u00d3N DOCENTE\u00a0 AVISO: La inscripci\u00f3n en l\u00ednea para ingresar a carreras de formaci\u00f3n docente en el primer cuatrimestre 2026 ya finalizaron. Comunicaremos cuando abran las inscripciones para el segundo cuatrimestre. \u00a0 Ingresar en el Sistema de Preinscripci\u00f3n seleccionando la carrera e instituci\u00f3n. Si ten\u00e9s alguna duda o &#8230; <a title=\"Informaci\u00f3n importante sobre sistema SIU GUARAN\u00cd\" class=\"read-more\" href=\"https:\/\/ens8-caba.infd.edu.ar\/sitio\/informacion-importante-sobre-sistema-siu-guarani\/\" aria-label=\"More on Informaci\u00f3n importante sobre sistema SIU GUARAN\u00cd\">[+]<\/a><\/p>\n","protected":false},"author":1,"featured_media":0,"parent":0,"menu_order":0,"comment_status":"closed","ping_status":"closed","template":"","meta":[],"acf":[],"_links":{"self":[{"href":"https:\/\/ens8-caba.infd.edu.ar\/sitio\/wp-json\/wp\/v2\/pages\/286"}],"collection":[{"href":"https:\/\/ens8-caba.infd.edu.ar\/sitio\/wp-json\/wp\/v2\/pages"}],"about":[{"href":"https:\/\/ens8-caba.infd.edu.ar\/sitio\/wp-json\/wp\/v2\/types\/page"}],"author":[{"embeddable":true,"href":"https:\/\/ens8-caba.infd.edu.ar\/sitio\/wp-json\/wp\/v2\/users\/1"}],"replies":[{"embeddable":true,"href":"https:\/\/ens8-caba.infd.edu.ar\/sitio\/wp-json\/wp\/v2\/comments?post=286"}],"version-history":[{"count":347,"href":"https:\/\/ens8-caba.infd.edu.ar\/sitio\/wp-json\/wp\/v2\/pages\/286\/revisions"}],"predecessor-version":[{"id":2971,"href":"https:\/\/ens8-caba.infd.edu.ar\/sitio\/wp-json\/wp\/v2\/pages\/286\/revisions\/2971"}],"wp:attachment":[{"href":"https:\/\/ens8-caba.infd.edu.ar\/sitio\/wp-json\/wp\/v2\/media?parent=286"}],"curies":[{"name":"wp","href":"https:\/\/api.w.org\/{rel}","templated":true}]}}