{"id":2942,"date":"2025-11-04T18:47:08","date_gmt":"2025-11-04T21:47:08","guid":{"rendered":"https:\/\/ens8-caba.infd.edu.ar\/sitio\/?page_id=2942"},"modified":"2025-11-04T18:47:10","modified_gmt":"2025-11-04T21:47:10","slug":"revista-octaedro","status":"publish","type":"page","link":"https:\/\/ens8-caba.infd.edu.ar\/sitio\/revista-octaedro\/","title":{"rendered":"Revista \u00abOctaedro\u00bb"},"content":{"rendered":"\n<p>\u00a1Pudimos concretar la publicaci\u00f3n de nuestra revista! <\/p>\n\n\n\n<p>Hace ya varios a\u00f1os, venimos imaginando y dando forma a este proyecto que se fue postergando, primero por la pandemia y luego por otros motivos.<\/p>\n\n\n\n<p>Finalmente Octaedro tiene su primer n\u00famero.<\/p>\n\n\n\n<p>Agradecemos a la profesora Paz Garberoglio por la persistencia, el trabajo y la dedicaci\u00f3n.<\/p>\n\n\n\n<p>Tambi\u00e9n, queremos agradecer a la profesora Karina Granieri que colabor\u00f3 codo a codo con el dise\u00f1ador y sigui\u00f3 todas las etapas en la construcci\u00f3n de la publicaci\u00f3n.\u00a0<\/p>\n\n\n\n<p>A continuaci\u00f3n les dejamos el enlace para que puedan acceder a la lectura del primer n\u00famero de la revista:<\/p>\n\n\n\n<p><a href=\"https:\/\/drive.google.com\/file\/d\/1knQV4hLeZiNI7gYxRhmR_nfyIHB4wGQQ\/view?usp=sharing\" target=\"_blank\" rel=\"noreferrer noopener\">OCTAEDRO nro. 1<\/a><\/p>\n\n\n\n<p>\u00a1Que la disfruten!<\/p>\n\n\n\n<figure class=\"wp-block-image size-large is-resized\"><img decoding=\"async\" loading=\"lazy\" src=\"https:\/\/ens8-caba.infd.edu.ar\/sitio\/wp-content\/uploads\/2025\/11\/flyer-OCTAEDRO-1343x1900.png\" alt=\"\" class=\"wp-image-2943\" width=\"395\" height=\"558\" srcset=\"https:\/\/ens8-caba.infd.edu.ar\/sitio\/wp-content\/uploads\/2025\/11\/flyer-OCTAEDRO-1343x1900.png 1343w, https:\/\/ens8-caba.infd.edu.ar\/sitio\/wp-content\/uploads\/2025\/11\/flyer-OCTAEDRO-707x1000.png 707w, https:\/\/ens8-caba.infd.edu.ar\/sitio\/wp-content\/uploads\/2025\/11\/flyer-OCTAEDRO-768x1086.png 768w, https:\/\/ens8-caba.infd.edu.ar\/sitio\/wp-content\/uploads\/2025\/11\/flyer-OCTAEDRO-1086x1536.png 1086w, https:\/\/ens8-caba.infd.edu.ar\/sitio\/wp-content\/uploads\/2025\/11\/flyer-OCTAEDRO.png 1414w\" sizes=\"(max-width: 395px) 100vw, 395px\" \/><\/figure>\n\n\n\n<figure class=\"wp-block-image size-full is-resized\"><img decoding=\"async\" loading=\"lazy\" src=\"https:\/\/ens8-caba.infd.edu.ar\/sitio\/wp-content\/uploads\/2025\/11\/qr-code-Octaedro.png\" alt=\"\" class=\"wp-image-2944\" width=\"408\" height=\"408\" srcset=\"https:\/\/ens8-caba.infd.edu.ar\/sitio\/wp-content\/uploads\/2025\/11\/qr-code-Octaedro.png 1125w, https:\/\/ens8-caba.infd.edu.ar\/sitio\/wp-content\/uploads\/2025\/11\/qr-code-Octaedro-1000x1000.png 1000w, https:\/\/ens8-caba.infd.edu.ar\/sitio\/wp-content\/uploads\/2025\/11\/qr-code-Octaedro-500x500.png 500w, https:\/\/ens8-caba.infd.edu.ar\/sitio\/wp-content\/uploads\/2025\/11\/qr-code-Octaedro-768x768.png 768w\" sizes=\"(max-width: 408px) 100vw, 408px\" \/><\/figure>\n","protected":false},"excerpt":{"rendered":"<p>\u00a1Pudimos concretar la publicaci\u00f3n de nuestra revista! Hace ya varios a\u00f1os, venimos imaginando y dando forma a este proyecto que se fue postergando, primero por la pandemia y luego por otros motivos. Finalmente Octaedro tiene su primer n\u00famero. Agradecemos a la profesora Paz Garberoglio por la persistencia, el trabajo y la dedicaci\u00f3n. Tambi\u00e9n, queremos agradecer &#8230; <a title=\"Revista \u00abOctaedro\u00bb\" class=\"read-more\" href=\"https:\/\/ens8-caba.infd.edu.ar\/sitio\/revista-octaedro\/\" aria-label=\"More on Revista \u00abOctaedro\u00bb\">[+]<\/a><\/p>\n","protected":false},"author":1389,"featured_media":0,"parent":0,"menu_order":0,"comment_status":"closed","ping_status":"closed","template":"","meta":[],"acf":[],"_links":{"self":[{"href":"https:\/\/ens8-caba.infd.edu.ar\/sitio\/wp-json\/wp\/v2\/pages\/2942"}],"collection":[{"href":"https:\/\/ens8-caba.infd.edu.ar\/sitio\/wp-json\/wp\/v2\/pages"}],"about":[{"href":"https:\/\/ens8-caba.infd.edu.ar\/sitio\/wp-json\/wp\/v2\/types\/page"}],"author":[{"embeddable":true,"href":"https:\/\/ens8-caba.infd.edu.ar\/sitio\/wp-json\/wp\/v2\/users\/1389"}],"replies":[{"embeddable":true,"href":"https:\/\/ens8-caba.infd.edu.ar\/sitio\/wp-json\/wp\/v2\/comments?post=2942"}],"version-history":[{"count":1,"href":"https:\/\/ens8-caba.infd.edu.ar\/sitio\/wp-json\/wp\/v2\/pages\/2942\/revisions"}],"predecessor-version":[{"id":2945,"href":"https:\/\/ens8-caba.infd.edu.ar\/sitio\/wp-json\/wp\/v2\/pages\/2942\/revisions\/2945"}],"wp:attachment":[{"href":"https:\/\/ens8-caba.infd.edu.ar\/sitio\/wp-json\/wp\/v2\/media?parent=2942"}],"curies":[{"name":"wp","href":"https:\/\/api.w.org\/{rel}","templated":true}]}}