{"id":2950,"date":"2025-12-22T15:42:36","date_gmt":"2025-12-22T18:42:36","guid":{"rendered":"https:\/\/ens8-caba.infd.edu.ar\/sitio\/?page_id=2950"},"modified":"2025-12-22T15:42:37","modified_gmt":"2025-12-22T18:42:37","slug":"reglamento-organico-marco","status":"publish","type":"page","link":"https:\/\/ens8-caba.infd.edu.ar\/sitio\/reglamento-organico-marco\/","title":{"rendered":"Reglamento Org\u00e1nico Marco"},"content":{"rendered":"\n<p>Dejamos a disposici\u00f3n el enlace al nuevo Reglamento Org\u00e1nico Marco (ROM 2025)\u00a0y la resoluci\u00f3n que lo aprueba.<\/p>\n\n\n\n<p>El ROM ya que es la normativa que organiza la gesti\u00f3n, la participaci\u00f3n democr\u00e1tica (docentes, estudiantes y graduados) y el funcionamiento de los profesorados de gesti\u00f3n estatal, estableciendo las bases para sus Reglamentos Org\u00e1nicos Institucionales (ROI) y Acad\u00e9micos (RAM).<\/p>\n\n\n\n<p><a rel=\"noreferrer noopener\" href=\"https:\/\/drive.google.com\/file\/d\/1s4tZop6vbCkBJLhWx_v3e5sRNIB6eOdP\/view?usp=sharing\" target=\"_blank\">VER NUEVO ROM<\/a><\/p>\n\n\n\n<p><a rel=\"noreferrer noopener\" href=\"https:\/\/drive.google.com\/file\/d\/1ZrAD1Bh27GyhtDX1U1Ce5ODLV9M0z00f\/view?usp=sharing\" target=\"_blank\">VER RESOLUCI\u00d3N<\/a><\/p>\n","protected":false},"excerpt":{"rendered":"<p>Dejamos a disposici\u00f3n el enlace al nuevo Reglamento Org\u00e1nico Marco (ROM 2025)\u00a0y la resoluci\u00f3n que lo aprueba. El ROM ya que es la normativa que organiza la gesti\u00f3n, la participaci\u00f3n democr\u00e1tica (docentes, estudiantes y graduados) y el funcionamiento de los profesorados de gesti\u00f3n estatal, estableciendo las bases para sus Reglamentos Org\u00e1nicos Institucionales (ROI) y Acad\u00e9micos &#8230; <a title=\"Reglamento Org\u00e1nico Marco\" class=\"read-more\" href=\"https:\/\/ens8-caba.infd.edu.ar\/sitio\/reglamento-organico-marco\/\" aria-label=\"More on Reglamento Org\u00e1nico Marco\">[+]<\/a><\/p>\n","protected":false},"author":1389,"featured_media":0,"parent":0,"menu_order":0,"comment_status":"closed","ping_status":"closed","template":"","meta":[],"acf":[],"_links":{"self":[{"href":"https:\/\/ens8-caba.infd.edu.ar\/sitio\/wp-json\/wp\/v2\/pages\/2950"}],"collection":[{"href":"https:\/\/ens8-caba.infd.edu.ar\/sitio\/wp-json\/wp\/v2\/pages"}],"about":[{"href":"https:\/\/ens8-caba.infd.edu.ar\/sitio\/wp-json\/wp\/v2\/types\/page"}],"author":[{"embeddable":true,"href":"https:\/\/ens8-caba.infd.edu.ar\/sitio\/wp-json\/wp\/v2\/users\/1389"}],"replies":[{"embeddable":true,"href":"https:\/\/ens8-caba.infd.edu.ar\/sitio\/wp-json\/wp\/v2\/comments?post=2950"}],"version-history":[{"count":1,"href":"https:\/\/ens8-caba.infd.edu.ar\/sitio\/wp-json\/wp\/v2\/pages\/2950\/revisions"}],"predecessor-version":[{"id":2951,"href":"https:\/\/ens8-caba.infd.edu.ar\/sitio\/wp-json\/wp\/v2\/pages\/2950\/revisions\/2951"}],"wp:attachment":[{"href":"https:\/\/ens8-caba.infd.edu.ar\/sitio\/wp-json\/wp\/v2\/media?parent=2950"}],"curies":[{"name":"wp","href":"https:\/\/api.w.org\/{rel}","templated":true}]}}